{"id":97,"date":"2022-05-06T18:55:15","date_gmt":"2022-05-06T18:55:15","guid":{"rendered":"https:\/\/www.ursula-schensky.de\/?page_id=97"},"modified":"2025-01-15T09:38:26","modified_gmt":"2025-01-15T09:38:26","slug":"97-2","status":"publish","type":"page","link":"https:\/\/www.ursula-schensky.de\/cms\/97-2\/","title":{"rendered":"Vortr\u00e4ge"},"content":{"rendered":"\r\n<figure class=\"wp-block-image size-full\"><img loading=\"lazy\" decoding=\"async\" width=\"1024\" height=\"261\" class=\"wp-image-7\" src=\"http:\/\/www.ursula-schensky.de\/wp-content\/uploads\/2022\/03\/Header-Lebensfragen1024x261.jpg\" alt=\"\" srcset=\"https:\/\/www.ursula-schensky.de\/cms\/wp-content\/uploads\/2022\/03\/Header-Lebensfragen1024x261.jpg 1024w, https:\/\/www.ursula-schensky.de\/cms\/wp-content\/uploads\/2022\/03\/Header-Lebensfragen1024x261-300x76.jpg 300w, https:\/\/www.ursula-schensky.de\/cms\/wp-content\/uploads\/2022\/03\/Header-Lebensfragen1024x261-768x196.jpg 768w\" sizes=\"auto, (max-width: 1024px) 100vw, 1024px\" \/><\/figure>\r\n\r\n\r\n\r\n<p style=\"font-size: 16px;\">Meine psychotherapeutische Begleitung zeigt sich auch in \u00a0Leitung von <strong>Gespr\u00e4chsrunden, Vortr\u00e4gen, in Seminaren und Workshops<\/strong> im gesamten deutschsprachigen Raum. Hier steht der Mensch im Mittelpunkt, der verantwortungsvoll sein Leben, seine Probleme und sein Gl\u00fcck in die eigenen H\u00e4nde nehmen will.<\/p>\r\n\r\n\r\n\r\n<p style=\"font-size: 16px;\">Ziel ist es, ein wirklich erwachsener Mensch zu sein.<\/p>\r\n\r\n\r\n\r\n<p><u>Meine Themen<\/u><\/p>\r\n<ol>\r\n<li>Ich bin ok! &#8211; Du bist ok!\u00a0 \u00a0 \u00a0 \u00a0 \u00a0 \u00a0 \u00a0 \u00a0 \u00a0 \u00a0Die vier Grundhaltungen des Menschen<\/li>\r\n<li>Das Kind in mir\u00a0 \u00a0 \u00a0 \u00a0 \u00a0 \u00a0 \u00a0 \u00a0 \u00a0 \u00a0 \u00a0 \u00a0 \u00a0 \u00a0 \u00a0 \u00a0 Ohne Heilung geht es nicht!<\/li>\r\n<li>Wer bin ich? \u00a0\u00a0\u00a0\u00a0\u00a0\u00a0\u00a0\u00a0\u00a0\u00a0\u00a0\u00a0\u00a0\u00a0\u00a0\u00a0\u00a0\u00a0\u00a0\u00a0\u00a0\u00a0\u00a0\u00a0\u00a0\u00a0\u00a0\u00a0\u00a0\u00a0\u00a0\u00a0\u00a0\u00a0\u00a0 Entdeckungsreise zu mir<\/li>\r\n<li>Ich bin mehr, als ich glaube\u00a0 \u00a0 \u00a0 \u00a0 \u00a0 \u00a0 \u00a0Die Entdeckung meiner inneren Anteile<\/li>\r\n<li>\u00dcber das Wollen\u00a0\u00a0\u00a0\u00a0\u00a0\u00a0\u00a0\u00a0\u00a0\u00a0\u00a0\u00a0\u00a0\u00a0\u00a0\u00a0\u00a0\u00a0\u00a0\u00a0\u00a0\u00a0\u00a0\u00a0\u00a0\u00a0\u00a0\u00a0 Geheimnis des eigenen Willens\u00a0<\/li>\r\n<li>Trauer in mir\u00a0\u00a0\u00a0\u00a0\u00a0\u00a0\u00a0\u00a0\u00a0\u00a0\u00a0\u00a0\u00a0\u00a0\u00a0\u00a0\u00a0\u00a0\u00a0\u00a0\u00a0\u00a0\u00a0\u00a0\u00a0\u00a0\u00a0\u00a0\u00a0\u00a0\u00a0\u00a0\u00a0\u00a0 Umgang mit Abschied und Tod<\/li>\r\n<\/ol>\r\n<p><u>Entdecken Sie die Kraft der Selbsterkenntnis und des inneren Wachsens!<br \/><br \/><br \/><\/u><\/p>\r\n<ol>\r\n<li><strong>Ich bin ok! &#8211; Du bist ok! Die vier Grundhaltungen des Menschen<\/strong><\/li>\r\n<\/ol>\r\n<p><br \/>In diesem Vortrag stelle ich Ihnen die vier Grundhaltungen des Menschen vor, die auf der Transaktionsanalyse basieren. Diese Einstellungen pr\u00e4gen unser Selbstgef\u00fchl und beeinflussen unsere F\u00e4higkeit, uns zu entfalten und Konflikte zu bew\u00e4ltigen.<\/p>\r\n<p><br \/>\u201eGehe ich respektvoll mit mir und anderen um und gestehe ich anderen die gleichen Rechte zu, die ich f\u00fcr mich beanspruche? Kann ich menschliche Schw\u00e4chen und St\u00e4rken bei mir selbst und anderen wahrnehmen, ohne st\u00e4ndig zu werten?\u201c<\/p>\r\n<p><br \/>Die Entstehung dieser Haltungen ist eng mit unseren Erfahrungen in der fr\u00fchen Kindheit verkn\u00fcpft. Kinder, die in einem Umfeld aufwachsen, in dem sie nichts richtig machen k\u00f6nnen, entwickeln oft den Glaubenssatz \u201eIch bin nicht o.k. \u2013 Du bist o.k.\u201c und f\u00fchlen sich als Opfer. Im Gegensatz dazu glauben Kinder, die st\u00e4ndig als besser als andere dargestellt werden, \u201eIch bin o.k. \u2013 Du bist nicht o.k.\u201c und empfinden sich als omnipotent. Durch die Auseinandersetzung mit diesen Fragen k\u00f6nnen Sie Ihre Grundeinstellung klarer erkennen.<br \/><br \/>\u00a0<br \/><br \/><strong>2. Das Kind in mir &#8211; Ohne Heilung geht es nicht!<\/strong><\/p>\r\n<p><br \/>Oft reagieren wir auf Handlungen oder Aussagen anderer Menschen, insbesondere unserer Kinder, unverh\u00e4ltnism\u00e4\u00dfig heftig. Nach solchen Situationen plagen uns (Selbst-)Vorw\u00fcrfe und Schuldgef\u00fchle, und wir nehmen uns vor, es beim n\u00e4chsten Mal besser zu machen \u2013 doch oft geschieht es wieder.<br \/>Niemand kann uns so intensiv Liebe sp\u00fcren lassen wie unsere eigenen Kinder, aber auch Wut und Hilflosigkeit! Wir finden uns in ernsthaften Auseinandersetzungen mit Vierj\u00e4hrigen wieder. In diesen Momenten wird h\u00e4ufig unser inneres Kind angesprochen, was kindliche Reaktionen in uns ausl\u00f6st.<\/p>\r\n<p><br \/>Durch innere Zuwendung k\u00f6nnen wir unsere Anteile erkennen und schrittweise ver\u00e4ndern. Die Heilung des inneren Kindes f\u00fchrt zu mehr Sicherheit und Unabh\u00e4ngigkeit von der Zuneigung anderer und er\u00f6ffnet neue Wege ins Erwachsensein.<br \/><br \/><br \/><strong>3. Wer bin ich? &#8211; Entdeckungsreise zu mir<\/strong><\/p>\r\n<p><br \/>Die Kunst der Selbsterkenntnis ist der erste Schritt, um einen erf\u00fcllten und eigenverantwortlichen Lebensweg zu gestalten.<\/p>\r\n<p>&nbsp;<\/p>\r\n<p>In diesem Seminar lernen Sie verschiedene Methoden kennen, um sich selbst n\u00e4her zu kommen. \u201eWer glaube ich, bin ich? Lasse ich mein Gef\u00fchlsleben oder mein Denken meinen Alltag bestimmen? Lebe ich in vorgegebenen Modellen aus der Vergangenheit? Kommen bestimmte F\u00e4higkeiten in meinem Alltag zu wenig zur Geltung? Will ich wirklich das, was ich will? Was ist meine Sehnsucht?\u201c<\/p>\r\n<p><br \/>Die Antworten auf diese Fragen und die notwendigen Schritte f\u00fcr eine neue Lebensgestaltung liegen nicht im Denken oder F\u00fchlen, sondern in Ihrem innersten Zentrum. Der Zugang dazu wird in diesem Seminar geweckt.<\/p>\r\n<p>&nbsp;<\/p>\r\n<p><strong>\u00a0<\/strong><\/p>\r\n<ol start=\"4\">\r\n<li><strong> Ich bin mehr als ich\u00a0 glau-be\u00a0 Die Entdeckung meiner inneren Anteile<\/strong><\/li>\r\n<\/ol>\r\n<p><br \/>Wir glauben, wir seien erwachsen.<\/p>\r\n<p>Doch bei ehrlicher Selbstbeobachtung erkennen wir, dass in uns viele unterschiedliche Stimmen wohnen. Verbl\u00fcfft und besorgt stellen wir fest, wie wenig wir manchmal HerrIn \u00fcber unsere Entscheidungen und damit \u00fcber unser Leben sind.<\/p>\r\n<p>Die verschiedenen Ich-Anteile in uns, mit ihren unterschiedlichen und teils widerspr\u00fcchlichen Kr\u00e4ften, stehen in st\u00e4ndigem Konflikt und verursachen ein Gef\u00fchl der Zerrissenheit.<\/p>\r\n<p>In diesem Vortrag\/Seminar beleuchten und vertiefen wir unser Erleben, ein ganzer Mensch zu sein. Wir lernen, unsere Anteile kennenzulernen und erweitern unsere Pers\u00f6nlichkeit \u2013 der Beginn einer spannenden Entdeckungsreise.<br \/><br \/><br \/><\/p>\r\n<p><strong>\u00a0<\/strong><\/p>\r\n<ol start=\"5\">\r\n<li><strong> \u00dcber das Wollen &#8211; Geheimnis des eigenen Willens ergr\u00fcnden<\/strong><\/li>\r\n<\/ol>\r\n<p><br \/>Die Vernachl\u00e4ssigung der Willenserziehung und deren Missbrauch (wie hart und unerbittlich gegen sich selbst zu sein) hindern uns daran, das enorme Potenzial unseres Willens zur Selbstverwirklichung und zur L\u00f6sung pers\u00f6nlicher Probleme zu entfalten.<br \/>\u201eHabe ich einen eigenen freien Willen? Wann bemerke ich ihn? Schw\u00e4cht oder st\u00e4rkt er mich? Will ich wirklich das, was ich will?\u201c<br \/>Der Wille ist entscheidend, um Entscheidungen zu treffen und gesetzte Ziele trotz m\u00f6glicher Schwierigkeiten selbstverantwortlich zu erreichen.<\/p>\r\n<p>Es ist mir ein Anliegen, unseren vielf\u00e4ltigen Willen wieder in unser Leben zu integrieren.<br \/><br \/>\u00a0<br \/><br \/><strong>6. Trauer in mir &#8211; Umgang mit Abschied und Tod<\/strong><\/p>\r\n<p><br \/>Im Umgang mit Abschied und Tod f\u00fchlen wir uns oft hilflos und unsicher.<\/p>\r\n<p>\u00a0Ob es sich um den Verlust eines Kindes(auch in der fr\u00fchen Schwangerschaft), den Weggang eines nahen Menschen, das Ende einer Beziehung oder den Verlust eines Haustiers handelt \u2013 die Unterdr\u00fcckung der eigenen Trauer \u00fcber diesen Abschied kann zu innerer Verh\u00e4rtung, k\u00f6rperlichen und seelischen Krankheiten sowie Beziehungsschwierigkeiten f\u00fchren.<\/p>\r\n<p>Wie \u201egeht\u201c Abschied nehmen? Wie ehrlich darf ich zum Kind sein, ohne es zu \u00fcberfordern? Was hilft mir, weiterzuleben ohne zu verdr\u00e4ngen oder zu vergessen?<\/p>\r\n<p>Als ehemalige Bestatterin und Hospizbegleiterin unterst\u00fctze ich Sie in diesem Prozess und beantworte Ihre Fragen. Sie gewinnen Klarheit und Sicherheit trotz Schmerz und Trauer.<br \/><br \/><br \/><\/p>\r\n<p>&nbsp;<\/p>\r\n\r\n\r\n\r\n<p>&nbsp;<\/p>\r\n","protected":false},"excerpt":{"rendered":"<p>Meine psychotherapeutische Begleitung zeigt sich auch in \u00a0Leitung von Gespr\u00e4chsrunden, Vortr\u00e4gen, in Seminaren und Workshops im gesamten deutschsprachigen Raum. Hier steht der Mensch im Mittelpunkt, der verantwortungsvoll sein Leben, seine Probleme und sein Gl\u00fcck in die eigenen H\u00e4nde nehmen will. Ziel ist es, ein wirklich erwachsener Mensch zu sein. Meine Themen Ich bin ok! &#8211; &#8230; <a title=\"Vortr\u00e4ge\" class=\"read-more\" href=\"https:\/\/www.ursula-schensky.de\/cms\/97-2\/\" aria-label=\"Mehr Informationen \u00fcber Vortr\u00e4ge\">Weiterlesen<\/a><\/p>\n","protected":false},"author":2,"featured_media":0,"parent":0,"menu_order":0,"comment_status":"closed","ping_status":"closed","template":"","meta":{"sfsi_plus_gutenberg_text_before_share":"","sfsi_plus_gutenberg_show_text_before_share":"","sfsi_plus_gutenberg_icon_type":"","sfsi_plus_gutenberg_icon_alignemt":"","sfsi_plus_gutenburg_max_per_row":"","footnotes":""},"class_list":["post-97","page","type-page","status-publish"],"yoast_head":"<!-- This site is optimized with the Yoast SEO plugin v26.9 - https:\/\/yoast.com\/product\/yoast-seo-wordpress\/ -->\n<title>Vortr\u00e4ge - Praxis f\u00fcr Lebensfragen und ElternCoaching<\/title>\n<meta name=\"description\" content=\"Sich Hilfe zu holen ist ein Zeichen von Kompetenz, St\u00e4rke und zeigt Mut. Es ist kein Eingest\u00e4ndnis von Schw\u00e4che. \u00dcberforderung, Krisen, Unsicherheit oder Angst\/Panik sind meist Anlass, sich nach Unterst\u00fctzung umzusehen. Erwarten Sie nicht von sich, alles alleine stemmen zu m\u00fcssen.\" \/>\n<meta name=\"robots\" content=\"index, follow, max-snippet:-1, max-image-preview:large, max-video-preview:-1\" \/>\n<link rel=\"canonical\" href=\"https:\/\/www.ursula-schensky.de\/cms\/97-2\/\" \/>\n<meta property=\"og:locale\" content=\"de_DE\" \/>\n<meta property=\"og:type\" content=\"article\" \/>\n<meta property=\"og:title\" content=\"Vortr\u00e4ge - Praxis f\u00fcr Lebensfragen und ElternCoaching\" \/>\n<meta property=\"og:description\" content=\"Sich Hilfe zu holen ist ein Zeichen von Kompetenz, St\u00e4rke und zeigt Mut. Es ist kein Eingest\u00e4ndnis von Schw\u00e4che. \u00dcberforderung, Krisen, Unsicherheit oder Angst\/Panik sind meist Anlass, sich nach Unterst\u00fctzung umzusehen. Erwarten Sie nicht von sich, alles alleine stemmen zu m\u00fcssen.\" \/>\n<meta property=\"og:url\" content=\"https:\/\/www.ursula-schensky.de\/cms\/97-2\/\" \/>\n<meta property=\"og:site_name\" content=\"Praxis f\u00fcr Lebensfragen und ElternCoaching\" \/>\n<meta property=\"article:publisher\" content=\"https:\/\/www.facebook.com\/UrsulaSchensky\" \/>\n<meta property=\"article:modified_time\" content=\"2025-01-15T09:38:26+00:00\" \/>\n<meta property=\"og:image\" content=\"https:\/\/www.ursula-schensky.de\/cms\/wp-content\/uploads\/2022\/03\/Header-Lebensfragen1024x261.jpg\" \/>\n\t<meta property=\"og:image:width\" content=\"1024\" \/>\n\t<meta property=\"og:image:height\" content=\"261\" \/>\n\t<meta property=\"og:image:type\" content=\"image\/jpeg\" \/>\n<meta name=\"twitter:card\" content=\"summary_large_image\" \/>\n<meta name=\"twitter:label1\" content=\"Gesch\u00e4tzte Lesezeit\" \/>\n\t<meta name=\"twitter:data1\" content=\"4\u00a0Minuten\" \/>\n<script type=\"application\/ld+json\" class=\"yoast-schema-graph\">{\"@context\":\"https:\/\/schema.org\",\"@graph\":[{\"@type\":\"WebPage\",\"@id\":\"https:\/\/www.ursula-schensky.de\/cms\/97-2\/\",\"url\":\"https:\/\/www.ursula-schensky.de\/cms\/97-2\/\",\"name\":\"Vortr\u00e4ge - Praxis f\u00fcr Lebensfragen und ElternCoaching\",\"isPartOf\":{\"@id\":\"https:\/\/www.ursula-schensky.de\/cms\/#website\"},\"primaryImageOfPage\":{\"@id\":\"https:\/\/www.ursula-schensky.de\/cms\/97-2\/#primaryimage\"},\"image\":{\"@id\":\"https:\/\/www.ursula-schensky.de\/cms\/97-2\/#primaryimage\"},\"thumbnailUrl\":\"http:\/\/www.ursula-schensky.de\/wp-content\/uploads\/2022\/03\/Header-Lebensfragen1024x261.jpg\",\"datePublished\":\"2022-05-06T18:55:15+00:00\",\"dateModified\":\"2025-01-15T09:38:26+00:00\",\"description\":\"Sich Hilfe zu holen ist ein Zeichen von Kompetenz, St\u00e4rke und zeigt Mut. Es ist kein Eingest\u00e4ndnis von Schw\u00e4che. \u00dcberforderung, Krisen, Unsicherheit oder Angst\/Panik sind meist Anlass, sich nach Unterst\u00fctzung umzusehen. Erwarten Sie nicht von sich, alles alleine stemmen zu m\u00fcssen.\",\"breadcrumb\":{\"@id\":\"https:\/\/www.ursula-schensky.de\/cms\/97-2\/#breadcrumb\"},\"inLanguage\":\"de\",\"potentialAction\":[{\"@type\":\"ReadAction\",\"target\":[\"https:\/\/www.ursula-schensky.de\/cms\/97-2\/\"]}]},{\"@type\":\"ImageObject\",\"inLanguage\":\"de\",\"@id\":\"https:\/\/www.ursula-schensky.de\/cms\/97-2\/#primaryimage\",\"url\":\"http:\/\/www.ursula-schensky.de\/wp-content\/uploads\/2022\/03\/Header-Lebensfragen1024x261.jpg\",\"contentUrl\":\"http:\/\/www.ursula-schensky.de\/wp-content\/uploads\/2022\/03\/Header-Lebensfragen1024x261.jpg\"},{\"@type\":\"BreadcrumbList\",\"@id\":\"https:\/\/www.ursula-schensky.de\/cms\/97-2\/#breadcrumb\",\"itemListElement\":[{\"@type\":\"ListItem\",\"position\":1,\"name\":\"Startseite\",\"item\":\"https:\/\/www.ursula-schensky.de\/cms\/\"},{\"@type\":\"ListItem\",\"position\":2,\"name\":\"Vortr\u00e4ge\"}]},{\"@type\":\"WebSite\",\"@id\":\"https:\/\/www.ursula-schensky.de\/cms\/#website\",\"url\":\"https:\/\/www.ursula-schensky.de\/cms\/\",\"name\":\"Praxis f\u00fcr Lebensfragen und ElternCoaching\",\"description\":\"Hilfe bei \u00dcberforderung, Angst, Erziehungsschwierigkeiten und pers\u00f6nlichen Herausforderungen\",\"publisher\":{\"@id\":\"https:\/\/www.ursula-schensky.de\/cms\/#\/schema\/person\/ea3976e4b4a12e94577017a0bde351f8\"},\"potentialAction\":[{\"@type\":\"SearchAction\",\"target\":{\"@type\":\"EntryPoint\",\"urlTemplate\":\"https:\/\/www.ursula-schensky.de\/cms\/?s={search_term_string}\"},\"query-input\":{\"@type\":\"PropertyValueSpecification\",\"valueRequired\":true,\"valueName\":\"search_term_string\"}}],\"inLanguage\":\"de\"},{\"@type\":[\"Person\",\"Organization\"],\"@id\":\"https:\/\/www.ursula-schensky.de\/cms\/#\/schema\/person\/ea3976e4b4a12e94577017a0bde351f8\",\"name\":\"Ursula Schensky\",\"image\":{\"@type\":\"ImageObject\",\"inLanguage\":\"de\",\"@id\":\"https:\/\/www.ursula-schensky.de\/cms\/#\/schema\/person\/image\/\",\"url\":\"https:\/\/www.ursula-schensky.de\/cms\/wp-content\/uploads\/2022\/05\/Header-Uebermich1024x261_2.jpg\",\"contentUrl\":\"https:\/\/www.ursula-schensky.de\/cms\/wp-content\/uploads\/2022\/05\/Header-Uebermich1024x261_2.jpg\",\"width\":1024,\"height\":261,\"caption\":\"Ursula Schensky\"},\"logo\":{\"@id\":\"https:\/\/www.ursula-schensky.de\/cms\/#\/schema\/person\/image\/\"},\"sameAs\":[\"https:\/\/www.facebook.com\/UrsulaSchensky\",\"https:\/\/instagram.com\/eltern__coaching\"]}]}<\/script>\n<!-- \/ Yoast SEO plugin. -->","yoast_head_json":{"title":"Vortr\u00e4ge - Praxis f\u00fcr Lebensfragen und ElternCoaching","description":"Sich Hilfe zu holen ist ein Zeichen von Kompetenz, St\u00e4rke und zeigt Mut. Es ist kein Eingest\u00e4ndnis von Schw\u00e4che. \u00dcberforderung, Krisen, Unsicherheit oder Angst\/Panik sind meist Anlass, sich nach Unterst\u00fctzung umzusehen. Erwarten Sie nicht von sich, alles alleine stemmen zu m\u00fcssen.","robots":{"index":"index","follow":"follow","max-snippet":"max-snippet:-1","max-image-preview":"max-image-preview:large","max-video-preview":"max-video-preview:-1"},"canonical":"https:\/\/www.ursula-schensky.de\/cms\/97-2\/","og_locale":"de_DE","og_type":"article","og_title":"Vortr\u00e4ge - Praxis f\u00fcr Lebensfragen und ElternCoaching","og_description":"Sich Hilfe zu holen ist ein Zeichen von Kompetenz, St\u00e4rke und zeigt Mut. Es ist kein Eingest\u00e4ndnis von Schw\u00e4che. \u00dcberforderung, Krisen, Unsicherheit oder Angst\/Panik sind meist Anlass, sich nach Unterst\u00fctzung umzusehen. Erwarten Sie nicht von sich, alles alleine stemmen zu m\u00fcssen.","og_url":"https:\/\/www.ursula-schensky.de\/cms\/97-2\/","og_site_name":"Praxis f\u00fcr Lebensfragen und ElternCoaching","article_publisher":"https:\/\/www.facebook.com\/UrsulaSchensky","article_modified_time":"2025-01-15T09:38:26+00:00","og_image":[{"width":1024,"height":261,"url":"https:\/\/www.ursula-schensky.de\/cms\/wp-content\/uploads\/2022\/03\/Header-Lebensfragen1024x261.jpg","type":"image\/jpeg"}],"twitter_card":"summary_large_image","twitter_misc":{"Gesch\u00e4tzte Lesezeit":"4\u00a0Minuten"},"schema":{"@context":"https:\/\/schema.org","@graph":[{"@type":"WebPage","@id":"https:\/\/www.ursula-schensky.de\/cms\/97-2\/","url":"https:\/\/www.ursula-schensky.de\/cms\/97-2\/","name":"Vortr\u00e4ge - Praxis f\u00fcr Lebensfragen und ElternCoaching","isPartOf":{"@id":"https:\/\/www.ursula-schensky.de\/cms\/#website"},"primaryImageOfPage":{"@id":"https:\/\/www.ursula-schensky.de\/cms\/97-2\/#primaryimage"},"image":{"@id":"https:\/\/www.ursula-schensky.de\/cms\/97-2\/#primaryimage"},"thumbnailUrl":"http:\/\/www.ursula-schensky.de\/wp-content\/uploads\/2022\/03\/Header-Lebensfragen1024x261.jpg","datePublished":"2022-05-06T18:55:15+00:00","dateModified":"2025-01-15T09:38:26+00:00","description":"Sich Hilfe zu holen ist ein Zeichen von Kompetenz, St\u00e4rke und zeigt Mut. Es ist kein Eingest\u00e4ndnis von Schw\u00e4che. \u00dcberforderung, Krisen, Unsicherheit oder Angst\/Panik sind meist Anlass, sich nach Unterst\u00fctzung umzusehen. Erwarten Sie nicht von sich, alles alleine stemmen zu m\u00fcssen.","breadcrumb":{"@id":"https:\/\/www.ursula-schensky.de\/cms\/97-2\/#breadcrumb"},"inLanguage":"de","potentialAction":[{"@type":"ReadAction","target":["https:\/\/www.ursula-schensky.de\/cms\/97-2\/"]}]},{"@type":"ImageObject","inLanguage":"de","@id":"https:\/\/www.ursula-schensky.de\/cms\/97-2\/#primaryimage","url":"http:\/\/www.ursula-schensky.de\/wp-content\/uploads\/2022\/03\/Header-Lebensfragen1024x261.jpg","contentUrl":"http:\/\/www.ursula-schensky.de\/wp-content\/uploads\/2022\/03\/Header-Lebensfragen1024x261.jpg"},{"@type":"BreadcrumbList","@id":"https:\/\/www.ursula-schensky.de\/cms\/97-2\/#breadcrumb","itemListElement":[{"@type":"ListItem","position":1,"name":"Startseite","item":"https:\/\/www.ursula-schensky.de\/cms\/"},{"@type":"ListItem","position":2,"name":"Vortr\u00e4ge"}]},{"@type":"WebSite","@id":"https:\/\/www.ursula-schensky.de\/cms\/#website","url":"https:\/\/www.ursula-schensky.de\/cms\/","name":"Praxis f\u00fcr Lebensfragen und ElternCoaching","description":"Hilfe bei \u00dcberforderung, Angst, Erziehungsschwierigkeiten und pers\u00f6nlichen Herausforderungen","publisher":{"@id":"https:\/\/www.ursula-schensky.de\/cms\/#\/schema\/person\/ea3976e4b4a12e94577017a0bde351f8"},"potentialAction":[{"@type":"SearchAction","target":{"@type":"EntryPoint","urlTemplate":"https:\/\/www.ursula-schensky.de\/cms\/?s={search_term_string}"},"query-input":{"@type":"PropertyValueSpecification","valueRequired":true,"valueName":"search_term_string"}}],"inLanguage":"de"},{"@type":["Person","Organization"],"@id":"https:\/\/www.ursula-schensky.de\/cms\/#\/schema\/person\/ea3976e4b4a12e94577017a0bde351f8","name":"Ursula Schensky","image":{"@type":"ImageObject","inLanguage":"de","@id":"https:\/\/www.ursula-schensky.de\/cms\/#\/schema\/person\/image\/","url":"https:\/\/www.ursula-schensky.de\/cms\/wp-content\/uploads\/2022\/05\/Header-Uebermich1024x261_2.jpg","contentUrl":"https:\/\/www.ursula-schensky.de\/cms\/wp-content\/uploads\/2022\/05\/Header-Uebermich1024x261_2.jpg","width":1024,"height":261,"caption":"Ursula Schensky"},"logo":{"@id":"https:\/\/www.ursula-schensky.de\/cms\/#\/schema\/person\/image\/"},"sameAs":["https:\/\/www.facebook.com\/UrsulaSchensky","https:\/\/instagram.com\/eltern__coaching"]}]}},"_links":{"self":[{"href":"https:\/\/www.ursula-schensky.de\/cms\/wp-json\/wp\/v2\/pages\/97","targetHints":{"allow":["GET"]}}],"collection":[{"href":"https:\/\/www.ursula-schensky.de\/cms\/wp-json\/wp\/v2\/pages"}],"about":[{"href":"https:\/\/www.ursula-schensky.de\/cms\/wp-json\/wp\/v2\/types\/page"}],"author":[{"embeddable":true,"href":"https:\/\/www.ursula-schensky.de\/cms\/wp-json\/wp\/v2\/users\/2"}],"replies":[{"embeddable":true,"href":"https:\/\/www.ursula-schensky.de\/cms\/wp-json\/wp\/v2\/comments?post=97"}],"version-history":[{"count":8,"href":"https:\/\/www.ursula-schensky.de\/cms\/wp-json\/wp\/v2\/pages\/97\/revisions"}],"predecessor-version":[{"id":356,"href":"https:\/\/www.ursula-schensky.de\/cms\/wp-json\/wp\/v2\/pages\/97\/revisions\/356"}],"wp:attachment":[{"href":"https:\/\/www.ursula-schensky.de\/cms\/wp-json\/wp\/v2\/media?parent=97"}],"curies":[{"name":"wp","href":"https:\/\/api.w.org\/{rel}","templated":true}]}}