{"id":88,"date":"2022-05-06T18:43:19","date_gmt":"2022-05-06T18:43:19","guid":{"rendered":"https:\/\/www.ursula-schensky.de\/?page_id=88"},"modified":"2026-02-08T07:53:34","modified_gmt":"2026-02-08T07:53:34","slug":"88-2","status":"publish","type":"page","link":"https:\/\/www.ursula-schensky.de\/cms\/88-2\/","title":{"rendered":"Termine"},"content":{"rendered":"","protected":false},"excerpt":{"rendered":"","protected":false},"author":2,"featured_media":0,"parent":0,"menu_order":0,"comment_status":"closed","ping_status":"closed","template":"","meta":{"sfsi_plus_gutenberg_text_before_share":"","sfsi_plus_gutenberg_show_text_before_share":"","sfsi_plus_gutenberg_icon_type":"","sfsi_plus_gutenberg_icon_alignemt":"","sfsi_plus_gutenburg_max_per_row":"","footnotes":""},"class_list":["post-88","page","type-page","status-publish"],"yoast_head":"<!-- This site is optimized with the Yoast SEO plugin v26.9 - https:\/\/yoast.com\/product\/yoast-seo-wordpress\/ -->\n<title>Termine - Praxis f\u00fcr Lebensfragen und ElternCoaching<\/title>\n<meta name=\"description\" content=\"F\u00fchlst du dich als Elternteil oft \u00fcberfordert? Ich unterst\u00fctze dich dabei, dein Familienleben stressfreier zu gestalten \u2013 effektiv, nachhaltig, sofort wirksam .Als Einzelbegleitung und im STEP-Kurs! &quot;Damit Dein (Familien) Leben gelingt!\u201c\" \/>\n<meta name=\"robots\" content=\"index, follow, max-snippet:-1, max-image-preview:large, max-video-preview:-1\" \/>\n<link rel=\"canonical\" href=\"https:\/\/www.ursula-schensky.de\/cms\/88-2\/\" \/>\n<meta property=\"og:locale\" content=\"de_DE\" \/>\n<meta property=\"og:type\" content=\"article\" \/>\n<meta property=\"og:title\" content=\"Termine - Praxis f\u00fcr Lebensfragen und ElternCoaching\" \/>\n<meta property=\"og:description\" content=\"F\u00fchlst du dich als Elternteil oft \u00fcberfordert? Ich unterst\u00fctze dich dabei, dein Familienleben stressfreier zu gestalten \u2013 effektiv, nachhaltig, sofort wirksam .Als Einzelbegleitung und im STEP-Kurs! &quot;Damit Dein (Familien) Leben gelingt!\u201c\" \/>\n<meta property=\"og:url\" content=\"https:\/\/www.ursula-schensky.de\/cms\/88-2\/\" \/>\n<meta property=\"og:site_name\" content=\"Praxis f\u00fcr Lebensfragen und ElternCoaching\" \/>\n<meta property=\"article:publisher\" content=\"https:\/\/www.facebook.com\/UrsulaSchensky\" \/>\n<meta property=\"article:modified_time\" content=\"2026-02-08T07:53:34+00:00\" \/>\n<meta name=\"twitter:card\" content=\"summary_large_image\" \/>\n<meta name=\"twitter:label1\" content=\"Gesch\u00e4tzte Lesezeit\" \/>\n\t<meta name=\"twitter:data1\" content=\"1\u00a0Minute\" \/>\n<script type=\"application\/ld+json\" class=\"yoast-schema-graph\">{\"@context\":\"https:\/\/schema.org\",\"@graph\":[{\"@type\":\"WebPage\",\"@id\":\"https:\/\/www.ursula-schensky.de\/cms\/88-2\/\",\"url\":\"https:\/\/www.ursula-schensky.de\/cms\/88-2\/\",\"name\":\"Termine - Praxis f\u00fcr Lebensfragen und ElternCoaching\",\"isPartOf\":{\"@id\":\"https:\/\/www.ursula-schensky.de\/cms\/#website\"},\"datePublished\":\"2022-05-06T18:43:19+00:00\",\"dateModified\":\"2026-02-08T07:53:34+00:00\",\"description\":\"F\u00fchlst du dich als Elternteil oft \u00fcberfordert? Ich unterst\u00fctze dich dabei, dein Familienleben stressfreier zu gestalten \u2013 effektiv, nachhaltig, sofort wirksam .Als Einzelbegleitung und im STEP-Kurs! \\\"Damit Dein (Familien) Leben gelingt!\u201c\",\"breadcrumb\":{\"@id\":\"https:\/\/www.ursula-schensky.de\/cms\/88-2\/#breadcrumb\"},\"inLanguage\":\"de\",\"potentialAction\":[{\"@type\":\"ReadAction\",\"target\":[\"https:\/\/www.ursula-schensky.de\/cms\/88-2\/\"]}]},{\"@type\":\"BreadcrumbList\",\"@id\":\"https:\/\/www.ursula-schensky.de\/cms\/88-2\/#breadcrumb\",\"itemListElement\":[{\"@type\":\"ListItem\",\"position\":1,\"name\":\"Startseite\",\"item\":\"https:\/\/www.ursula-schensky.de\/cms\/\"},{\"@type\":\"ListItem\",\"position\":2,\"name\":\"Termine\"}]},{\"@type\":\"WebSite\",\"@id\":\"https:\/\/www.ursula-schensky.de\/cms\/#website\",\"url\":\"https:\/\/www.ursula-schensky.de\/cms\/\",\"name\":\"Praxis f\u00fcr Lebensfragen und ElternCoaching\",\"description\":\"Hilfe bei \u00dcberforderung, Angst, Erziehungsschwierigkeiten und pers\u00f6nlichen Herausforderungen\",\"publisher\":{\"@id\":\"https:\/\/www.ursula-schensky.de\/cms\/#\/schema\/person\/ea3976e4b4a12e94577017a0bde351f8\"},\"potentialAction\":[{\"@type\":\"SearchAction\",\"target\":{\"@type\":\"EntryPoint\",\"urlTemplate\":\"https:\/\/www.ursula-schensky.de\/cms\/?s={search_term_string}\"},\"query-input\":{\"@type\":\"PropertyValueSpecification\",\"valueRequired\":true,\"valueName\":\"search_term_string\"}}],\"inLanguage\":\"de\"},{\"@type\":[\"Person\",\"Organization\"],\"@id\":\"https:\/\/www.ursula-schensky.de\/cms\/#\/schema\/person\/ea3976e4b4a12e94577017a0bde351f8\",\"name\":\"Ursula Schensky\",\"image\":{\"@type\":\"ImageObject\",\"inLanguage\":\"de\",\"@id\":\"https:\/\/www.ursula-schensky.de\/cms\/#\/schema\/person\/image\/\",\"url\":\"https:\/\/www.ursula-schensky.de\/cms\/wp-content\/uploads\/2022\/05\/Header-Uebermich1024x261_2.jpg\",\"contentUrl\":\"https:\/\/www.ursula-schensky.de\/cms\/wp-content\/uploads\/2022\/05\/Header-Uebermich1024x261_2.jpg\",\"width\":1024,\"height\":261,\"caption\":\"Ursula Schensky\"},\"logo\":{\"@id\":\"https:\/\/www.ursula-schensky.de\/cms\/#\/schema\/person\/image\/\"},\"sameAs\":[\"https:\/\/www.facebook.com\/UrsulaSchensky\",\"https:\/\/instagram.com\/eltern__coaching\"]}]}<\/script>\n<!-- \/ Yoast SEO plugin. -->","yoast_head_json":{"title":"Termine - Praxis f\u00fcr Lebensfragen und ElternCoaching","description":"F\u00fchlst du dich als Elternteil oft \u00fcberfordert? Ich unterst\u00fctze dich dabei, dein Familienleben stressfreier zu gestalten \u2013 effektiv, nachhaltig, sofort wirksam .Als Einzelbegleitung und im STEP-Kurs! \"Damit Dein (Familien) Leben gelingt!\u201c","robots":{"index":"index","follow":"follow","max-snippet":"max-snippet:-1","max-image-preview":"max-image-preview:large","max-video-preview":"max-video-preview:-1"},"canonical":"https:\/\/www.ursula-schensky.de\/cms\/88-2\/","og_locale":"de_DE","og_type":"article","og_title":"Termine - Praxis f\u00fcr Lebensfragen und ElternCoaching","og_description":"F\u00fchlst du dich als Elternteil oft \u00fcberfordert? Ich unterst\u00fctze dich dabei, dein Familienleben stressfreier zu gestalten \u2013 effektiv, nachhaltig, sofort wirksam .Als Einzelbegleitung und im STEP-Kurs! \"Damit Dein (Familien) Leben gelingt!\u201c","og_url":"https:\/\/www.ursula-schensky.de\/cms\/88-2\/","og_site_name":"Praxis f\u00fcr Lebensfragen und ElternCoaching","article_publisher":"https:\/\/www.facebook.com\/UrsulaSchensky","article_modified_time":"2026-02-08T07:53:34+00:00","twitter_card":"summary_large_image","twitter_misc":{"Gesch\u00e4tzte Lesezeit":"1\u00a0Minute"},"schema":{"@context":"https:\/\/schema.org","@graph":[{"@type":"WebPage","@id":"https:\/\/www.ursula-schensky.de\/cms\/88-2\/","url":"https:\/\/www.ursula-schensky.de\/cms\/88-2\/","name":"Termine - Praxis f\u00fcr Lebensfragen und ElternCoaching","isPartOf":{"@id":"https:\/\/www.ursula-schensky.de\/cms\/#website"},"datePublished":"2022-05-06T18:43:19+00:00","dateModified":"2026-02-08T07:53:34+00:00","description":"F\u00fchlst du dich als Elternteil oft \u00fcberfordert? Ich unterst\u00fctze dich dabei, dein Familienleben stressfreier zu gestalten \u2013 effektiv, nachhaltig, sofort wirksam .Als Einzelbegleitung und im STEP-Kurs! \"Damit Dein (Familien) Leben gelingt!\u201c","breadcrumb":{"@id":"https:\/\/www.ursula-schensky.de\/cms\/88-2\/#breadcrumb"},"inLanguage":"de","potentialAction":[{"@type":"ReadAction","target":["https:\/\/www.ursula-schensky.de\/cms\/88-2\/"]}]},{"@type":"BreadcrumbList","@id":"https:\/\/www.ursula-schensky.de\/cms\/88-2\/#breadcrumb","itemListElement":[{"@type":"ListItem","position":1,"name":"Startseite","item":"https:\/\/www.ursula-schensky.de\/cms\/"},{"@type":"ListItem","position":2,"name":"Termine"}]},{"@type":"WebSite","@id":"https:\/\/www.ursula-schensky.de\/cms\/#website","url":"https:\/\/www.ursula-schensky.de\/cms\/","name":"Praxis f\u00fcr Lebensfragen und ElternCoaching","description":"Hilfe bei \u00dcberforderung, Angst, Erziehungsschwierigkeiten und pers\u00f6nlichen Herausforderungen","publisher":{"@id":"https:\/\/www.ursula-schensky.de\/cms\/#\/schema\/person\/ea3976e4b4a12e94577017a0bde351f8"},"potentialAction":[{"@type":"SearchAction","target":{"@type":"EntryPoint","urlTemplate":"https:\/\/www.ursula-schensky.de\/cms\/?s={search_term_string}"},"query-input":{"@type":"PropertyValueSpecification","valueRequired":true,"valueName":"search_term_string"}}],"inLanguage":"de"},{"@type":["Person","Organization"],"@id":"https:\/\/www.ursula-schensky.de\/cms\/#\/schema\/person\/ea3976e4b4a12e94577017a0bde351f8","name":"Ursula Schensky","image":{"@type":"ImageObject","inLanguage":"de","@id":"https:\/\/www.ursula-schensky.de\/cms\/#\/schema\/person\/image\/","url":"https:\/\/www.ursula-schensky.de\/cms\/wp-content\/uploads\/2022\/05\/Header-Uebermich1024x261_2.jpg","contentUrl":"https:\/\/www.ursula-schensky.de\/cms\/wp-content\/uploads\/2022\/05\/Header-Uebermich1024x261_2.jpg","width":1024,"height":261,"caption":"Ursula Schensky"},"logo":{"@id":"https:\/\/www.ursula-schensky.de\/cms\/#\/schema\/person\/image\/"},"sameAs":["https:\/\/www.facebook.com\/UrsulaSchensky","https:\/\/instagram.com\/eltern__coaching"]}]}},"_links":{"self":[{"href":"https:\/\/www.ursula-schensky.de\/cms\/wp-json\/wp\/v2\/pages\/88","targetHints":{"allow":["GET"]}}],"collection":[{"href":"https:\/\/www.ursula-schensky.de\/cms\/wp-json\/wp\/v2\/pages"}],"about":[{"href":"https:\/\/www.ursula-schensky.de\/cms\/wp-json\/wp\/v2\/types\/page"}],"author":[{"embeddable":true,"href":"https:\/\/www.ursula-schensky.de\/cms\/wp-json\/wp\/v2\/users\/2"}],"replies":[{"embeddable":true,"href":"https:\/\/www.ursula-schensky.de\/cms\/wp-json\/wp\/v2\/comments?post=88"}],"version-history":[{"count":51,"href":"https:\/\/www.ursula-schensky.de\/cms\/wp-json\/wp\/v2\/pages\/88\/revisions"}],"predecessor-version":[{"id":394,"href":"https:\/\/www.ursula-schensky.de\/cms\/wp-json\/wp\/v2\/pages\/88\/revisions\/394"}],"wp:attachment":[{"href":"https:\/\/www.ursula-schensky.de\/cms\/wp-json\/wp\/v2\/media?parent=88"}],"curies":[{"name":"wp","href":"https:\/\/api.w.org\/{rel}","templated":true}]}}