{"id":79,"date":"2022-05-06T18:40:36","date_gmt":"2022-05-06T18:40:36","guid":{"rendered":"https:\/\/www.ursula-schensky.de\/?page_id=79"},"modified":"2024-03-07T23:17:29","modified_gmt":"2024-03-07T23:17:29","slug":"79-2","status":"publish","type":"page","link":"https:\/\/www.ursula-schensky.de\/cms\/79-2\/","title":{"rendered":"Was ist Psychosynthese"},"content":{"rendered":"\r\n<figure class=\"wp-block-image size-full\"><img loading=\"lazy\" decoding=\"async\" width=\"1024\" height=\"261\" class=\"wp-image-7\" src=\"http:\/\/www.ursula-schensky.de\/wp-content\/uploads\/2022\/03\/Header-Lebensfragen1024x261.jpg\" alt=\"\" srcset=\"https:\/\/www.ursula-schensky.de\/cms\/wp-content\/uploads\/2022\/03\/Header-Lebensfragen1024x261.jpg 1024w, https:\/\/www.ursula-schensky.de\/cms\/wp-content\/uploads\/2022\/03\/Header-Lebensfragen1024x261-300x76.jpg 300w, https:\/\/www.ursula-schensky.de\/cms\/wp-content\/uploads\/2022\/03\/Header-Lebensfragen1024x261-768x196.jpg 768w\" sizes=\"auto, (max-width: 1024px) 100vw, 1024px\" \/><\/figure>\r\n\r\n\r\n\r\n<p style=\"font-size: 16px;\">Die Psychosynthese ist eine tiefenpsychologisch fundierte und methoden\u00fcbergreifende psychotherapeutische Schule. Sie wurde von dem italienischen Psychiater Roberto Assagioli (1888-1974) entwickelt. Er sah den Menschen als ein Wesen, das sich tiefer kennenlernen und sein inneres Zentrum finden will, um Verantwortung f\u00fcr sich und auch die Welt zu \u00fcbernehmen. ( Wer bin ich?)<\/p>\r\n\r\n\r\n\r\n<p style=\"font-size: 16px;\">Aus Sicht der Psychosynthese gibt es zwei Richtungen des Wachstums, die beide ausgewogen ber\u00fccksichtigt werden wollen. Bei der personalen Entwicklung setzt sich der Mensch mit den Gegebenheiten der Welt auseinander(Beruf, Beziehung,..). Des Weiteren ist die Erschlie\u00dfung seines \u201espirituellen\u201c Potentials wichtig.(\u201eWieso bin ich auf der Welt?\u201c)<\/p>\r\n\r\n\r\n\r\n<p style=\"font-size: 16px;\"><strong>Psychosynthese ist<\/strong><\/p>\r\n\r\n\r\n\r\n<ul class=\"wp-block-list\" style=\"font-size: 16px;\">\r\n<li>den Sinn des eigenen Lebens zu erkennen und Orientierung zu finden<\/li>\r\n<li>emotionale Blockaden zu l\u00f6sen und sich aus belastenden Abh\u00e4ngigkeiten zu befreien<\/li>\r\n<li>sich als spirituelles Wesen in einem gr\u00f6\u00dferen Kontext zu begreifen<\/li>\r\n<li>eine konstruktive und l\u00f6sungsorientiere Haltung zu entwickeln<\/li>\r\n<li>sich den Zugang zur inneren Weisheit und Sch\u00f6pfungsintelligenz zu erschlie\u00dfen<\/li>\r\n<li>unterst\u00fctzt seelische Entwicklung und Selbstverwirklichung<\/li>\r\n<li>st\u00e4rkt die eigenen Potenziale<\/li>\r\n<li>vers\u00f6hnt innere Widerspr\u00fcche<\/li>\r\n<li>hilft zukunftsorientiert nach vorne zu gehen<\/li>\r\n<li>schaut nur zur\u00fcck, um Sch\u00e4tze einzusammeln<\/li>\r\n<li>sucht nicht l\u00e4nger Schuldige<\/li>\r\n<\/ul>\r\n\r\n\r\n\r\n<p style=\"font-size: 16px;\">ist kurz gesagt: <strong>Entwicklungshilfe f\u00fcr ein erf\u00fclltes Leben und Selbstliebe<\/strong>.<\/p>\r\n","protected":false},"excerpt":{"rendered":"<p>Die Psychosynthese ist eine tiefenpsychologisch fundierte und methoden\u00fcbergreifende psychotherapeutische Schule. Sie wurde von dem italienischen Psychiater Roberto Assagioli (1888-1974) entwickelt. Er sah den Menschen als ein Wesen, das sich tiefer kennenlernen und sein inneres Zentrum finden will, um Verantwortung f\u00fcr sich und auch die Welt zu \u00fcbernehmen. ( Wer bin ich?) Aus Sicht der Psychosynthese &#8230; <a title=\"Was ist Psychosynthese\" class=\"read-more\" href=\"https:\/\/www.ursula-schensky.de\/cms\/79-2\/\" aria-label=\"Mehr Informationen \u00fcber Was ist Psychosynthese\">Weiterlesen<\/a><\/p>\n","protected":false},"author":2,"featured_media":0,"parent":0,"menu_order":0,"comment_status":"closed","ping_status":"closed","template":"","meta":{"sfsi_plus_gutenberg_text_before_share":"","sfsi_plus_gutenberg_show_text_before_share":"","sfsi_plus_gutenberg_icon_type":"","sfsi_plus_gutenberg_icon_alignemt":"","sfsi_plus_gutenburg_max_per_row":"","footnotes":""},"class_list":["post-79","page","type-page","status-publish"],"yoast_head":"<!-- This site is optimized with the Yoast SEO plugin v26.9 - https:\/\/yoast.com\/product\/yoast-seo-wordpress\/ -->\n<title>Was ist Psychosynthese - Praxis f\u00fcr Lebensfragen und ElternCoaching<\/title>\n<meta name=\"description\" content=\"Sich Hilfe zu holen ist ein Zeichen von Kompetenz, St\u00e4rke und zeigt Mut. Es ist kein Eingest\u00e4ndnis von Schw\u00e4che. \u00dcberforderung, Krisen, Unsicherheit oder Angst\/Panik sind meist Anlass, sich nach Unterst\u00fctzung umzusehen. Erwarten Sie nicht von sich, alles alleine stemmen zu m\u00fcssen.\" \/>\n<meta name=\"robots\" content=\"index, follow, max-snippet:-1, max-image-preview:large, max-video-preview:-1\" \/>\n<link rel=\"canonical\" href=\"https:\/\/www.ursula-schensky.de\/cms\/79-2\/\" \/>\n<meta property=\"og:locale\" content=\"de_DE\" \/>\n<meta property=\"og:type\" content=\"article\" \/>\n<meta property=\"og:title\" content=\"Was ist Psychosynthese - Praxis f\u00fcr Lebensfragen und ElternCoaching\" \/>\n<meta property=\"og:description\" content=\"Sich Hilfe zu holen ist ein Zeichen von Kompetenz, St\u00e4rke und zeigt Mut. Es ist kein Eingest\u00e4ndnis von Schw\u00e4che. \u00dcberforderung, Krisen, Unsicherheit oder Angst\/Panik sind meist Anlass, sich nach Unterst\u00fctzung umzusehen. Erwarten Sie nicht von sich, alles alleine stemmen zu m\u00fcssen.\" \/>\n<meta property=\"og:url\" content=\"https:\/\/www.ursula-schensky.de\/cms\/79-2\/\" \/>\n<meta property=\"og:site_name\" content=\"Praxis f\u00fcr Lebensfragen und ElternCoaching\" \/>\n<meta property=\"article:publisher\" content=\"https:\/\/www.facebook.com\/UrsulaSchensky\" \/>\n<meta property=\"article:modified_time\" content=\"2024-03-07T23:17:29+00:00\" \/>\n<meta property=\"og:image\" content=\"http:\/\/www.ursula-schensky.de\/wp-content\/uploads\/2022\/03\/Header-Lebensfragen1024x261.jpg\" \/>\n<meta name=\"twitter:card\" content=\"summary_large_image\" \/>\n<meta name=\"twitter:label1\" content=\"Gesch\u00e4tzte Lesezeit\" \/>\n\t<meta name=\"twitter:data1\" content=\"1\u00a0Minute\" \/>\n<script type=\"application\/ld+json\" class=\"yoast-schema-graph\">{\"@context\":\"https:\/\/schema.org\",\"@graph\":[{\"@type\":\"WebPage\",\"@id\":\"https:\/\/www.ursula-schensky.de\/cms\/79-2\/\",\"url\":\"https:\/\/www.ursula-schensky.de\/cms\/79-2\/\",\"name\":\"Was ist Psychosynthese - Praxis f\u00fcr Lebensfragen und ElternCoaching\",\"isPartOf\":{\"@id\":\"https:\/\/www.ursula-schensky.de\/cms\/#website\"},\"primaryImageOfPage\":{\"@id\":\"https:\/\/www.ursula-schensky.de\/cms\/79-2\/#primaryimage\"},\"image\":{\"@id\":\"https:\/\/www.ursula-schensky.de\/cms\/79-2\/#primaryimage\"},\"thumbnailUrl\":\"http:\/\/www.ursula-schensky.de\/wp-content\/uploads\/2022\/03\/Header-Lebensfragen1024x261.jpg\",\"datePublished\":\"2022-05-06T18:40:36+00:00\",\"dateModified\":\"2024-03-07T23:17:29+00:00\",\"description\":\"Sich Hilfe zu holen ist ein Zeichen von Kompetenz, St\u00e4rke und zeigt Mut. Es ist kein Eingest\u00e4ndnis von Schw\u00e4che. \u00dcberforderung, Krisen, Unsicherheit oder Angst\/Panik sind meist Anlass, sich nach Unterst\u00fctzung umzusehen. Erwarten Sie nicht von sich, alles alleine stemmen zu m\u00fcssen.\",\"breadcrumb\":{\"@id\":\"https:\/\/www.ursula-schensky.de\/cms\/79-2\/#breadcrumb\"},\"inLanguage\":\"de\",\"potentialAction\":[{\"@type\":\"ReadAction\",\"target\":[\"https:\/\/www.ursula-schensky.de\/cms\/79-2\/\"]}]},{\"@type\":\"ImageObject\",\"inLanguage\":\"de\",\"@id\":\"https:\/\/www.ursula-schensky.de\/cms\/79-2\/#primaryimage\",\"url\":\"http:\/\/www.ursula-schensky.de\/wp-content\/uploads\/2022\/03\/Header-Lebensfragen1024x261.jpg\",\"contentUrl\":\"http:\/\/www.ursula-schensky.de\/wp-content\/uploads\/2022\/03\/Header-Lebensfragen1024x261.jpg\"},{\"@type\":\"BreadcrumbList\",\"@id\":\"https:\/\/www.ursula-schensky.de\/cms\/79-2\/#breadcrumb\",\"itemListElement\":[{\"@type\":\"ListItem\",\"position\":1,\"name\":\"Startseite\",\"item\":\"https:\/\/www.ursula-schensky.de\/cms\/\"},{\"@type\":\"ListItem\",\"position\":2,\"name\":\"Was ist Psychosynthese\"}]},{\"@type\":\"WebSite\",\"@id\":\"https:\/\/www.ursula-schensky.de\/cms\/#website\",\"url\":\"https:\/\/www.ursula-schensky.de\/cms\/\",\"name\":\"Praxis f\u00fcr Lebensfragen und ElternCoaching\",\"description\":\"Hilfe bei \u00dcberforderung, Angst, Erziehungsschwierigkeiten und pers\u00f6nlichen Herausforderungen\",\"publisher\":{\"@id\":\"https:\/\/www.ursula-schensky.de\/cms\/#\/schema\/person\/ea3976e4b4a12e94577017a0bde351f8\"},\"potentialAction\":[{\"@type\":\"SearchAction\",\"target\":{\"@type\":\"EntryPoint\",\"urlTemplate\":\"https:\/\/www.ursula-schensky.de\/cms\/?s={search_term_string}\"},\"query-input\":{\"@type\":\"PropertyValueSpecification\",\"valueRequired\":true,\"valueName\":\"search_term_string\"}}],\"inLanguage\":\"de\"},{\"@type\":[\"Person\",\"Organization\"],\"@id\":\"https:\/\/www.ursula-schensky.de\/cms\/#\/schema\/person\/ea3976e4b4a12e94577017a0bde351f8\",\"name\":\"Ursula Schensky\",\"image\":{\"@type\":\"ImageObject\",\"inLanguage\":\"de\",\"@id\":\"https:\/\/www.ursula-schensky.de\/cms\/#\/schema\/person\/image\/\",\"url\":\"https:\/\/www.ursula-schensky.de\/cms\/wp-content\/uploads\/2022\/05\/Header-Uebermich1024x261_2.jpg\",\"contentUrl\":\"https:\/\/www.ursula-schensky.de\/cms\/wp-content\/uploads\/2022\/05\/Header-Uebermich1024x261_2.jpg\",\"width\":1024,\"height\":261,\"caption\":\"Ursula Schensky\"},\"logo\":{\"@id\":\"https:\/\/www.ursula-schensky.de\/cms\/#\/schema\/person\/image\/\"},\"sameAs\":[\"https:\/\/www.facebook.com\/UrsulaSchensky\",\"https:\/\/instagram.com\/eltern__coaching\"]}]}<\/script>\n<!-- \/ Yoast SEO plugin. -->","yoast_head_json":{"title":"Was ist Psychosynthese - Praxis f\u00fcr Lebensfragen und ElternCoaching","description":"Sich Hilfe zu holen ist ein Zeichen von Kompetenz, St\u00e4rke und zeigt Mut. Es ist kein Eingest\u00e4ndnis von Schw\u00e4che. \u00dcberforderung, Krisen, Unsicherheit oder Angst\/Panik sind meist Anlass, sich nach Unterst\u00fctzung umzusehen. Erwarten Sie nicht von sich, alles alleine stemmen zu m\u00fcssen.","robots":{"index":"index","follow":"follow","max-snippet":"max-snippet:-1","max-image-preview":"max-image-preview:large","max-video-preview":"max-video-preview:-1"},"canonical":"https:\/\/www.ursula-schensky.de\/cms\/79-2\/","og_locale":"de_DE","og_type":"article","og_title":"Was ist Psychosynthese - Praxis f\u00fcr Lebensfragen und ElternCoaching","og_description":"Sich Hilfe zu holen ist ein Zeichen von Kompetenz, St\u00e4rke und zeigt Mut. Es ist kein Eingest\u00e4ndnis von Schw\u00e4che. \u00dcberforderung, Krisen, Unsicherheit oder Angst\/Panik sind meist Anlass, sich nach Unterst\u00fctzung umzusehen. Erwarten Sie nicht von sich, alles alleine stemmen zu m\u00fcssen.","og_url":"https:\/\/www.ursula-schensky.de\/cms\/79-2\/","og_site_name":"Praxis f\u00fcr Lebensfragen und ElternCoaching","article_publisher":"https:\/\/www.facebook.com\/UrsulaSchensky","article_modified_time":"2024-03-07T23:17:29+00:00","og_image":[{"url":"http:\/\/www.ursula-schensky.de\/wp-content\/uploads\/2022\/03\/Header-Lebensfragen1024x261.jpg","type":"","width":"","height":""}],"twitter_card":"summary_large_image","twitter_misc":{"Gesch\u00e4tzte Lesezeit":"1\u00a0Minute"},"schema":{"@context":"https:\/\/schema.org","@graph":[{"@type":"WebPage","@id":"https:\/\/www.ursula-schensky.de\/cms\/79-2\/","url":"https:\/\/www.ursula-schensky.de\/cms\/79-2\/","name":"Was ist Psychosynthese - Praxis f\u00fcr Lebensfragen und ElternCoaching","isPartOf":{"@id":"https:\/\/www.ursula-schensky.de\/cms\/#website"},"primaryImageOfPage":{"@id":"https:\/\/www.ursula-schensky.de\/cms\/79-2\/#primaryimage"},"image":{"@id":"https:\/\/www.ursula-schensky.de\/cms\/79-2\/#primaryimage"},"thumbnailUrl":"http:\/\/www.ursula-schensky.de\/wp-content\/uploads\/2022\/03\/Header-Lebensfragen1024x261.jpg","datePublished":"2022-05-06T18:40:36+00:00","dateModified":"2024-03-07T23:17:29+00:00","description":"Sich Hilfe zu holen ist ein Zeichen von Kompetenz, St\u00e4rke und zeigt Mut. Es ist kein Eingest\u00e4ndnis von Schw\u00e4che. \u00dcberforderung, Krisen, Unsicherheit oder Angst\/Panik sind meist Anlass, sich nach Unterst\u00fctzung umzusehen. Erwarten Sie nicht von sich, alles alleine stemmen zu m\u00fcssen.","breadcrumb":{"@id":"https:\/\/www.ursula-schensky.de\/cms\/79-2\/#breadcrumb"},"inLanguage":"de","potentialAction":[{"@type":"ReadAction","target":["https:\/\/www.ursula-schensky.de\/cms\/79-2\/"]}]},{"@type":"ImageObject","inLanguage":"de","@id":"https:\/\/www.ursula-schensky.de\/cms\/79-2\/#primaryimage","url":"http:\/\/www.ursula-schensky.de\/wp-content\/uploads\/2022\/03\/Header-Lebensfragen1024x261.jpg","contentUrl":"http:\/\/www.ursula-schensky.de\/wp-content\/uploads\/2022\/03\/Header-Lebensfragen1024x261.jpg"},{"@type":"BreadcrumbList","@id":"https:\/\/www.ursula-schensky.de\/cms\/79-2\/#breadcrumb","itemListElement":[{"@type":"ListItem","position":1,"name":"Startseite","item":"https:\/\/www.ursula-schensky.de\/cms\/"},{"@type":"ListItem","position":2,"name":"Was ist Psychosynthese"}]},{"@type":"WebSite","@id":"https:\/\/www.ursula-schensky.de\/cms\/#website","url":"https:\/\/www.ursula-schensky.de\/cms\/","name":"Praxis f\u00fcr Lebensfragen und ElternCoaching","description":"Hilfe bei \u00dcberforderung, Angst, Erziehungsschwierigkeiten und pers\u00f6nlichen Herausforderungen","publisher":{"@id":"https:\/\/www.ursula-schensky.de\/cms\/#\/schema\/person\/ea3976e4b4a12e94577017a0bde351f8"},"potentialAction":[{"@type":"SearchAction","target":{"@type":"EntryPoint","urlTemplate":"https:\/\/www.ursula-schensky.de\/cms\/?s={search_term_string}"},"query-input":{"@type":"PropertyValueSpecification","valueRequired":true,"valueName":"search_term_string"}}],"inLanguage":"de"},{"@type":["Person","Organization"],"@id":"https:\/\/www.ursula-schensky.de\/cms\/#\/schema\/person\/ea3976e4b4a12e94577017a0bde351f8","name":"Ursula Schensky","image":{"@type":"ImageObject","inLanguage":"de","@id":"https:\/\/www.ursula-schensky.de\/cms\/#\/schema\/person\/image\/","url":"https:\/\/www.ursula-schensky.de\/cms\/wp-content\/uploads\/2022\/05\/Header-Uebermich1024x261_2.jpg","contentUrl":"https:\/\/www.ursula-schensky.de\/cms\/wp-content\/uploads\/2022\/05\/Header-Uebermich1024x261_2.jpg","width":1024,"height":261,"caption":"Ursula Schensky"},"logo":{"@id":"https:\/\/www.ursula-schensky.de\/cms\/#\/schema\/person\/image\/"},"sameAs":["https:\/\/www.facebook.com\/UrsulaSchensky","https:\/\/instagram.com\/eltern__coaching"]}]}},"_links":{"self":[{"href":"https:\/\/www.ursula-schensky.de\/cms\/wp-json\/wp\/v2\/pages\/79","targetHints":{"allow":["GET"]}}],"collection":[{"href":"https:\/\/www.ursula-schensky.de\/cms\/wp-json\/wp\/v2\/pages"}],"about":[{"href":"https:\/\/www.ursula-schensky.de\/cms\/wp-json\/wp\/v2\/types\/page"}],"author":[{"embeddable":true,"href":"https:\/\/www.ursula-schensky.de\/cms\/wp-json\/wp\/v2\/users\/2"}],"replies":[{"embeddable":true,"href":"https:\/\/www.ursula-schensky.de\/cms\/wp-json\/wp\/v2\/comments?post=79"}],"version-history":[{"count":7,"href":"https:\/\/www.ursula-schensky.de\/cms\/wp-json\/wp\/v2\/pages\/79\/revisions"}],"predecessor-version":[{"id":270,"href":"https:\/\/www.ursula-schensky.de\/cms\/wp-json\/wp\/v2\/pages\/79\/revisions\/270"}],"wp:attachment":[{"href":"https:\/\/www.ursula-schensky.de\/cms\/wp-json\/wp\/v2\/media?parent=79"}],"curies":[{"name":"wp","href":"https:\/\/api.w.org\/{rel}","templated":true}]}}