{"id":76,"date":"2022-05-06T18:39:05","date_gmt":"2022-05-06T18:39:05","guid":{"rendered":"https:\/\/www.ursula-schensky.de\/?page_id=76"},"modified":"2024-03-23T00:21:27","modified_gmt":"2024-03-23T00:21:27","slug":"76-2","status":"publish","type":"page","link":"https:\/\/www.ursula-schensky.de\/cms\/76-2\/","title":{"rendered":"Lebensfragen"},"content":{"rendered":"\r\n<figure class=\"wp-block-image size-full\"><img loading=\"lazy\" decoding=\"async\" width=\"1024\" height=\"261\" class=\"wp-image-7\" src=\"http:\/\/www.ursula-schensky.de\/wp-content\/uploads\/2022\/03\/Header-Lebensfragen1024x261.jpg\" alt=\"\" srcset=\"https:\/\/www.ursula-schensky.de\/cms\/wp-content\/uploads\/2022\/03\/Header-Lebensfragen1024x261.jpg 1024w, https:\/\/www.ursula-schensky.de\/cms\/wp-content\/uploads\/2022\/03\/Header-Lebensfragen1024x261-300x76.jpg 300w, https:\/\/www.ursula-schensky.de\/cms\/wp-content\/uploads\/2022\/03\/Header-Lebensfragen1024x261-768x196.jpg 768w\" sizes=\"auto, (max-width: 1024px) 100vw, 1024px\" \/><\/figure>\r\n\r\n\r\n\r\n<p>&nbsp;<\/p>\r\n\r\n\r\n\r\n<p style=\"font-size: 16px;\">Ver\u00e4nderung ist ein Prozess und geht nicht von heute auf morgen, leider. Trotzdem helfen schon kleine Ver\u00e4nderungen, um zu Selbst-Sicherheit, damit zu mehr Leichtigkeit und Entspannung zu gelangen. <a>\u00a0<\/a><\/p>\r\n\r\n\r\n\r\n<p style=\"font-size: 16px;\">Erlangen Sie mit meiner Unterst\u00fctzung<\/p>\r\n\r\n\r\n\r\n<ul class=\"wp-block-list\">\r\n<li>Klarheit im Umgang mit sich und\/ oder anderen\u00a0\u00a0<\/li>\r\n<li>Priorit\u00e4tensetzung (z.B. Selbstbewusstsein im weiteren Tun)<\/li>\r\n<li>Angehen der anstehenden Herausforderungen<\/li>\r\n<li>Entscheidungen im pers\u00f6nlichen und beruflichen Bereich<\/li>\r\n<li>Pers\u00f6nlichkeitsentwicklung (z.B. Kennenlernen des eigenen inneren Kindes)<\/li>\r\n<\/ul>\r\n<p>&#8222;Alles was ich machen kann, ist ich selbst zu sein, wer immer das ist.&#8220;\u00a0 \u00a0 <span style=\"font-size: 8pt;\"><cite>Bob Dylan<\/cite><\/span><\/p>\r\n\r\n\r\n\r\n<p style=\"font-size: 16px;\">Ich begleite Sie ressourcenorientiert auf Ihrem individuellen Weg. Bereits nach kurzer Zeit werden Sie wieder in der Lage sein, Ihr Leben zufriedener zu leben.<\/p>\r\n\r\n\r\n\r\n<p style=\"font-size: 16px;\">Die Methoden der Psychosynthese sind hierf\u00fcr gut geeignet. Allein ein einziges Gespr\u00e4ch kann schon nachhaltig wirken und bringt in jedem Fall Entspannung.<\/p>\r\n","protected":false},"excerpt":{"rendered":"<p>&nbsp; Ver\u00e4nderung ist ein Prozess und geht nicht von heute auf morgen, leider. Trotzdem helfen schon kleine Ver\u00e4nderungen, um zu Selbst-Sicherheit, damit zu mehr Leichtigkeit und Entspannung zu gelangen. \u00a0 Erlangen Sie mit meiner Unterst\u00fctzung Klarheit im Umgang mit sich und\/ oder anderen\u00a0\u00a0 Priorit\u00e4tensetzung (z.B. Selbstbewusstsein im weiteren Tun) Angehen der anstehenden Herausforderungen Entscheidungen im &#8230; <a title=\"Lebensfragen\" class=\"read-more\" href=\"https:\/\/www.ursula-schensky.de\/cms\/76-2\/\" aria-label=\"Mehr Informationen \u00fcber Lebensfragen\">Weiterlesen<\/a><\/p>\n","protected":false},"author":2,"featured_media":0,"parent":0,"menu_order":0,"comment_status":"closed","ping_status":"closed","template":"","meta":{"sfsi_plus_gutenberg_text_before_share":"","sfsi_plus_gutenberg_show_text_before_share":"","sfsi_plus_gutenberg_icon_type":"","sfsi_plus_gutenberg_icon_alignemt":"","sfsi_plus_gutenburg_max_per_row":"","footnotes":""},"class_list":["post-76","page","type-page","status-publish"],"yoast_head":"<!-- This site is optimized with the Yoast SEO plugin v26.9 - https:\/\/yoast.com\/product\/yoast-seo-wordpress\/ -->\n<title>Lebensfragen - Praxis f\u00fcr Lebensfragen und ElternCoaching<\/title>\n<meta name=\"description\" content=\"Sich Hilfe zu holen ist ein Zeichen von Kompetenz, St\u00e4rke und zeigt Mut. Es ist kein Eingest\u00e4ndnis von Schw\u00e4che. \u00dcberforderung, Krisen, Unsicherheit oder Angst\/Panik sind meist Anlass, sich nach Unterst\u00fctzung umzusehen. Erwarten Sie nicht von sich, alles alleine stemmen zu m\u00fcssen.\" \/>\n<meta name=\"robots\" content=\"index, follow, max-snippet:-1, max-image-preview:large, max-video-preview:-1\" \/>\n<link rel=\"canonical\" href=\"https:\/\/www.ursula-schensky.de\/cms\/76-2\/\" \/>\n<meta property=\"og:locale\" content=\"de_DE\" \/>\n<meta property=\"og:type\" content=\"article\" \/>\n<meta property=\"og:title\" content=\"Lebensfragen - Praxis f\u00fcr Lebensfragen und ElternCoaching\" \/>\n<meta property=\"og:description\" content=\"Sich Hilfe zu holen ist ein Zeichen von Kompetenz, St\u00e4rke und zeigt Mut. Es ist kein Eingest\u00e4ndnis von Schw\u00e4che. \u00dcberforderung, Krisen, Unsicherheit oder Angst\/Panik sind meist Anlass, sich nach Unterst\u00fctzung umzusehen. Erwarten Sie nicht von sich, alles alleine stemmen zu m\u00fcssen.\" \/>\n<meta property=\"og:url\" content=\"https:\/\/www.ursula-schensky.de\/cms\/76-2\/\" \/>\n<meta property=\"og:site_name\" content=\"Praxis f\u00fcr Lebensfragen und ElternCoaching\" \/>\n<meta property=\"article:publisher\" content=\"https:\/\/www.facebook.com\/UrsulaSchensky\" \/>\n<meta property=\"article:modified_time\" content=\"2024-03-23T00:21:27+00:00\" \/>\n<meta property=\"og:image\" content=\"http:\/\/www.ursula-schensky.de\/wp-content\/uploads\/2022\/03\/Header-Lebensfragen1024x261.jpg\" \/>\n<meta name=\"twitter:card\" content=\"summary_large_image\" \/>\n<meta name=\"twitter:label1\" content=\"Gesch\u00e4tzte Lesezeit\" \/>\n\t<meta name=\"twitter:data1\" content=\"1\u00a0Minute\" \/>\n<script type=\"application\/ld+json\" class=\"yoast-schema-graph\">{\"@context\":\"https:\/\/schema.org\",\"@graph\":[{\"@type\":\"WebPage\",\"@id\":\"https:\/\/www.ursula-schensky.de\/cms\/76-2\/\",\"url\":\"https:\/\/www.ursula-schensky.de\/cms\/76-2\/\",\"name\":\"Lebensfragen - Praxis f\u00fcr Lebensfragen und ElternCoaching\",\"isPartOf\":{\"@id\":\"https:\/\/www.ursula-schensky.de\/cms\/#website\"},\"primaryImageOfPage\":{\"@id\":\"https:\/\/www.ursula-schensky.de\/cms\/76-2\/#primaryimage\"},\"image\":{\"@id\":\"https:\/\/www.ursula-schensky.de\/cms\/76-2\/#primaryimage\"},\"thumbnailUrl\":\"http:\/\/www.ursula-schensky.de\/wp-content\/uploads\/2022\/03\/Header-Lebensfragen1024x261.jpg\",\"datePublished\":\"2022-05-06T18:39:05+00:00\",\"dateModified\":\"2024-03-23T00:21:27+00:00\",\"description\":\"Sich Hilfe zu holen ist ein Zeichen von Kompetenz, St\u00e4rke und zeigt Mut. Es ist kein Eingest\u00e4ndnis von Schw\u00e4che. \u00dcberforderung, Krisen, Unsicherheit oder Angst\/Panik sind meist Anlass, sich nach Unterst\u00fctzung umzusehen. Erwarten Sie nicht von sich, alles alleine stemmen zu m\u00fcssen.\",\"breadcrumb\":{\"@id\":\"https:\/\/www.ursula-schensky.de\/cms\/76-2\/#breadcrumb\"},\"inLanguage\":\"de\",\"potentialAction\":[{\"@type\":\"ReadAction\",\"target\":[\"https:\/\/www.ursula-schensky.de\/cms\/76-2\/\"]}]},{\"@type\":\"ImageObject\",\"inLanguage\":\"de\",\"@id\":\"https:\/\/www.ursula-schensky.de\/cms\/76-2\/#primaryimage\",\"url\":\"http:\/\/www.ursula-schensky.de\/wp-content\/uploads\/2022\/03\/Header-Lebensfragen1024x261.jpg\",\"contentUrl\":\"http:\/\/www.ursula-schensky.de\/wp-content\/uploads\/2022\/03\/Header-Lebensfragen1024x261.jpg\"},{\"@type\":\"BreadcrumbList\",\"@id\":\"https:\/\/www.ursula-schensky.de\/cms\/76-2\/#breadcrumb\",\"itemListElement\":[{\"@type\":\"ListItem\",\"position\":1,\"name\":\"Startseite\",\"item\":\"https:\/\/www.ursula-schensky.de\/cms\/\"},{\"@type\":\"ListItem\",\"position\":2,\"name\":\"Lebensfragen\"}]},{\"@type\":\"WebSite\",\"@id\":\"https:\/\/www.ursula-schensky.de\/cms\/#website\",\"url\":\"https:\/\/www.ursula-schensky.de\/cms\/\",\"name\":\"Praxis f\u00fcr Lebensfragen und ElternCoaching\",\"description\":\"Hilfe bei \u00dcberforderung, Angst, Erziehungsschwierigkeiten und pers\u00f6nlichen Herausforderungen\",\"publisher\":{\"@id\":\"https:\/\/www.ursula-schensky.de\/cms\/#\/schema\/person\/ea3976e4b4a12e94577017a0bde351f8\"},\"potentialAction\":[{\"@type\":\"SearchAction\",\"target\":{\"@type\":\"EntryPoint\",\"urlTemplate\":\"https:\/\/www.ursula-schensky.de\/cms\/?s={search_term_string}\"},\"query-input\":{\"@type\":\"PropertyValueSpecification\",\"valueRequired\":true,\"valueName\":\"search_term_string\"}}],\"inLanguage\":\"de\"},{\"@type\":[\"Person\",\"Organization\"],\"@id\":\"https:\/\/www.ursula-schensky.de\/cms\/#\/schema\/person\/ea3976e4b4a12e94577017a0bde351f8\",\"name\":\"Ursula Schensky\",\"image\":{\"@type\":\"ImageObject\",\"inLanguage\":\"de\",\"@id\":\"https:\/\/www.ursula-schensky.de\/cms\/#\/schema\/person\/image\/\",\"url\":\"https:\/\/www.ursula-schensky.de\/cms\/wp-content\/uploads\/2022\/05\/Header-Uebermich1024x261_2.jpg\",\"contentUrl\":\"https:\/\/www.ursula-schensky.de\/cms\/wp-content\/uploads\/2022\/05\/Header-Uebermich1024x261_2.jpg\",\"width\":1024,\"height\":261,\"caption\":\"Ursula Schensky\"},\"logo\":{\"@id\":\"https:\/\/www.ursula-schensky.de\/cms\/#\/schema\/person\/image\/\"},\"sameAs\":[\"https:\/\/www.facebook.com\/UrsulaSchensky\",\"https:\/\/instagram.com\/eltern__coaching\"]}]}<\/script>\n<!-- \/ Yoast SEO plugin. -->","yoast_head_json":{"title":"Lebensfragen - Praxis f\u00fcr Lebensfragen und ElternCoaching","description":"Sich Hilfe zu holen ist ein Zeichen von Kompetenz, St\u00e4rke und zeigt Mut. Es ist kein Eingest\u00e4ndnis von Schw\u00e4che. \u00dcberforderung, Krisen, Unsicherheit oder Angst\/Panik sind meist Anlass, sich nach Unterst\u00fctzung umzusehen. Erwarten Sie nicht von sich, alles alleine stemmen zu m\u00fcssen.","robots":{"index":"index","follow":"follow","max-snippet":"max-snippet:-1","max-image-preview":"max-image-preview:large","max-video-preview":"max-video-preview:-1"},"canonical":"https:\/\/www.ursula-schensky.de\/cms\/76-2\/","og_locale":"de_DE","og_type":"article","og_title":"Lebensfragen - Praxis f\u00fcr Lebensfragen und ElternCoaching","og_description":"Sich Hilfe zu holen ist ein Zeichen von Kompetenz, St\u00e4rke und zeigt Mut. Es ist kein Eingest\u00e4ndnis von Schw\u00e4che. \u00dcberforderung, Krisen, Unsicherheit oder Angst\/Panik sind meist Anlass, sich nach Unterst\u00fctzung umzusehen. Erwarten Sie nicht von sich, alles alleine stemmen zu m\u00fcssen.","og_url":"https:\/\/www.ursula-schensky.de\/cms\/76-2\/","og_site_name":"Praxis f\u00fcr Lebensfragen und ElternCoaching","article_publisher":"https:\/\/www.facebook.com\/UrsulaSchensky","article_modified_time":"2024-03-23T00:21:27+00:00","og_image":[{"url":"http:\/\/www.ursula-schensky.de\/wp-content\/uploads\/2022\/03\/Header-Lebensfragen1024x261.jpg","type":"","width":"","height":""}],"twitter_card":"summary_large_image","twitter_misc":{"Gesch\u00e4tzte Lesezeit":"1\u00a0Minute"},"schema":{"@context":"https:\/\/schema.org","@graph":[{"@type":"WebPage","@id":"https:\/\/www.ursula-schensky.de\/cms\/76-2\/","url":"https:\/\/www.ursula-schensky.de\/cms\/76-2\/","name":"Lebensfragen - Praxis f\u00fcr Lebensfragen und ElternCoaching","isPartOf":{"@id":"https:\/\/www.ursula-schensky.de\/cms\/#website"},"primaryImageOfPage":{"@id":"https:\/\/www.ursula-schensky.de\/cms\/76-2\/#primaryimage"},"image":{"@id":"https:\/\/www.ursula-schensky.de\/cms\/76-2\/#primaryimage"},"thumbnailUrl":"http:\/\/www.ursula-schensky.de\/wp-content\/uploads\/2022\/03\/Header-Lebensfragen1024x261.jpg","datePublished":"2022-05-06T18:39:05+00:00","dateModified":"2024-03-23T00:21:27+00:00","description":"Sich Hilfe zu holen ist ein Zeichen von Kompetenz, St\u00e4rke und zeigt Mut. Es ist kein Eingest\u00e4ndnis von Schw\u00e4che. \u00dcberforderung, Krisen, Unsicherheit oder Angst\/Panik sind meist Anlass, sich nach Unterst\u00fctzung umzusehen. Erwarten Sie nicht von sich, alles alleine stemmen zu m\u00fcssen.","breadcrumb":{"@id":"https:\/\/www.ursula-schensky.de\/cms\/76-2\/#breadcrumb"},"inLanguage":"de","potentialAction":[{"@type":"ReadAction","target":["https:\/\/www.ursula-schensky.de\/cms\/76-2\/"]}]},{"@type":"ImageObject","inLanguage":"de","@id":"https:\/\/www.ursula-schensky.de\/cms\/76-2\/#primaryimage","url":"http:\/\/www.ursula-schensky.de\/wp-content\/uploads\/2022\/03\/Header-Lebensfragen1024x261.jpg","contentUrl":"http:\/\/www.ursula-schensky.de\/wp-content\/uploads\/2022\/03\/Header-Lebensfragen1024x261.jpg"},{"@type":"BreadcrumbList","@id":"https:\/\/www.ursula-schensky.de\/cms\/76-2\/#breadcrumb","itemListElement":[{"@type":"ListItem","position":1,"name":"Startseite","item":"https:\/\/www.ursula-schensky.de\/cms\/"},{"@type":"ListItem","position":2,"name":"Lebensfragen"}]},{"@type":"WebSite","@id":"https:\/\/www.ursula-schensky.de\/cms\/#website","url":"https:\/\/www.ursula-schensky.de\/cms\/","name":"Praxis f\u00fcr Lebensfragen und ElternCoaching","description":"Hilfe bei \u00dcberforderung, Angst, Erziehungsschwierigkeiten und pers\u00f6nlichen Herausforderungen","publisher":{"@id":"https:\/\/www.ursula-schensky.de\/cms\/#\/schema\/person\/ea3976e4b4a12e94577017a0bde351f8"},"potentialAction":[{"@type":"SearchAction","target":{"@type":"EntryPoint","urlTemplate":"https:\/\/www.ursula-schensky.de\/cms\/?s={search_term_string}"},"query-input":{"@type":"PropertyValueSpecification","valueRequired":true,"valueName":"search_term_string"}}],"inLanguage":"de"},{"@type":["Person","Organization"],"@id":"https:\/\/www.ursula-schensky.de\/cms\/#\/schema\/person\/ea3976e4b4a12e94577017a0bde351f8","name":"Ursula Schensky","image":{"@type":"ImageObject","inLanguage":"de","@id":"https:\/\/www.ursula-schensky.de\/cms\/#\/schema\/person\/image\/","url":"https:\/\/www.ursula-schensky.de\/cms\/wp-content\/uploads\/2022\/05\/Header-Uebermich1024x261_2.jpg","contentUrl":"https:\/\/www.ursula-schensky.de\/cms\/wp-content\/uploads\/2022\/05\/Header-Uebermich1024x261_2.jpg","width":1024,"height":261,"caption":"Ursula Schensky"},"logo":{"@id":"https:\/\/www.ursula-schensky.de\/cms\/#\/schema\/person\/image\/"},"sameAs":["https:\/\/www.facebook.com\/UrsulaSchensky","https:\/\/instagram.com\/eltern__coaching"]}]}},"_links":{"self":[{"href":"https:\/\/www.ursula-schensky.de\/cms\/wp-json\/wp\/v2\/pages\/76","targetHints":{"allow":["GET"]}}],"collection":[{"href":"https:\/\/www.ursula-schensky.de\/cms\/wp-json\/wp\/v2\/pages"}],"about":[{"href":"https:\/\/www.ursula-schensky.de\/cms\/wp-json\/wp\/v2\/types\/page"}],"author":[{"embeddable":true,"href":"https:\/\/www.ursula-schensky.de\/cms\/wp-json\/wp\/v2\/users\/2"}],"replies":[{"embeddable":true,"href":"https:\/\/www.ursula-schensky.de\/cms\/wp-json\/wp\/v2\/comments?post=76"}],"version-history":[{"count":9,"href":"https:\/\/www.ursula-schensky.de\/cms\/wp-json\/wp\/v2\/pages\/76\/revisions"}],"predecessor-version":[{"id":302,"href":"https:\/\/www.ursula-schensky.de\/cms\/wp-json\/wp\/v2\/pages\/76\/revisions\/302"}],"wp:attachment":[{"href":"https:\/\/www.ursula-schensky.de\/cms\/wp-json\/wp\/v2\/media?parent=76"}],"curies":[{"name":"wp","href":"https:\/\/api.w.org\/{rel}","templated":true}]}}