{"id":71,"date":"2022-05-06T18:31:17","date_gmt":"2022-05-06T18:31:17","guid":{"rendered":"https:\/\/www.ursula-schensky.de\/?page_id=71"},"modified":"2025-01-15T09:31:20","modified_gmt":"2025-01-15T09:31:20","slug":"71-2","status":"publish","type":"page","link":"https:\/\/www.ursula-schensky.de\/cms\/71-2\/","title":{"rendered":"P\u00e4dagogische Vortr\u00e4ge"},"content":{"rendered":"\r\n<p>&nbsp;<\/p>\r\n\r\n\r\n\r\n<figure class=\"wp-block-image size-full\"><img loading=\"lazy\" decoding=\"async\" width=\"1024\" height=\"261\" class=\"wp-image-6\" src=\"http:\/\/www.ursula-schensky.de\/wp-content\/uploads\/2022\/03\/Header-ErziehungsbegleitungV2_1024x261.jpg\" alt=\"\" srcset=\"https:\/\/www.ursula-schensky.de\/cms\/wp-content\/uploads\/2022\/03\/Header-ErziehungsbegleitungV2_1024x261.jpg 1024w, https:\/\/www.ursula-schensky.de\/cms\/wp-content\/uploads\/2022\/03\/Header-ErziehungsbegleitungV2_1024x261-300x76.jpg 300w, https:\/\/www.ursula-schensky.de\/cms\/wp-content\/uploads\/2022\/03\/Header-ErziehungsbegleitungV2_1024x261-768x196.jpg 768w\" sizes=\"auto, (max-width: 1024px) 100vw, 1024px\" \/><\/figure>\r\n\r\n\r\n\r\n<p style=\"font-size: 16px;\">Mein Angebot der p\u00e4dagogischen Begleitung zeigt sich auch in der \u00a0Leitung von \u00a0<strong>Gespr\u00e4chsrunden, in Vortr\u00e4gen, Seminaren und Workshops<\/strong> im gesamten deutschsprachigen Raum. Hierbei steht das Kind im Mittelpunkt in seiner seelischen und geistigen Entwicklung.<\/p>\r\n\r\n\r\n\r\n<p>Meine p\u00e4dagogischen Themen<\/p>\r\n<ol>\r\n<li>Respekt und Achtsamkeit im Alltag leben<\/li>\r\n<li>Gelingende Kommunikation in der Familie<\/li>\r\n<li>Loben &#8211; Ja oder nein<strong>?\u00a0\u00a0\u00a0 <\/strong>Bedeutung von Lob und Ermutigung<\/li>\r\n<li>Typisch Junge? Typisch M\u00e4dchen? Anregungen zur gendersensiblen Erziehung<\/li>\r\n<li>Spielen ist wichtig- warum eigentlich?<strong>\u00a0 <\/strong>Die Bedeutung des kindlichen Spiels<\/li>\r\n<li>\u00a0Vier Temperamente, vier Wege \u2013 Ihr Kind (und sich) individuell verstehen und begleiten<\/li>\r\n<li>Wut &#8211; Starke Kraft oder Aggression?<\/li>\r\n<li>Kinder brauchen Grenzen-brauchen Kinder Grenzen<\/li>\r\n<\/ol>\r\n<p>&nbsp;<\/p>\r\n<ol>\r\n<li><strong>Respekt und Achtsamkeit im Alltag: Mehr Gelassenheit und Verbundenheit<\/strong><\/li>\r\n<\/ol>\r\n<p>\u201eIn jedem Kind wird die M\u00f6glichkeit einer neuen Welt geboren&#8230;\u201c \u2013 Katharina Martin<\/p>\r\n<p>Achtsamkeit und Respekt im Alltag bedeuten nicht Perfektion, sondern Pr\u00e4senz und Offenheit. Indem wir auf (Ver)Urteilen verzichten und akzeptieren, was ist, f\u00f6rdern wir Vertrauen und Selbstbewusstsein bei unseren Kindern. So entsteht eine innere St\u00e4rke, die Zufriedenheit und Selbstwert nicht im Au\u00dfen sucht.<\/p>\r\n<p>Dieser Vortrag bietet Einblicke in achtsames Handeln und zeigt, wie sich Respekt im Alltag praktisch leben l\u00e4sst. Durch einfache \u00dcbungen lernen Sie, Gelassenheit und tiefe Verbundenheit in Ihrer Familie zu st\u00e4rken.<\/p>\r\n<p>Erleben Sie, wie Respekt und Achtsamkeit den Alltag transformieren k\u00f6nnen.<\/p>\r\n<p>&nbsp;<\/p>\r\n<p><strong>2 Gelingende Kommunikation in der Familie: Mehr Beziehung, weniger Konflikte&#8220;<\/strong><\/p>\r\n<p>In vielen Familien steht Kommunikation oft im Zeichen von Anweisungen: \u201eBeeil dich!\u201c, \u201eR\u00e4um auf!\u201c, \u201eSei still!\u201c. Doch Kommunikation kann mehr \u2013 sie kann Beziehung und Vertrauen st\u00e4rken, statt nur Verhalten zu steuern. <strong>Wertsch\u00e4tzende Kommunikation<\/strong> schafft N\u00e4he und l\u00e4sst Kinder sich gesehen f\u00fchlen. Dabei spielt die non-verbale Kommunikation eine zentrale Rolle: Tonfall, Mimik und Gestik hinterlassen Spuren in der Beziehung.<\/p>\r\n<p>In diesem Vortrag stelle ich <strong>wissenschaftlich fundierte Kommunikationstechniken<\/strong> vor, die Sie direkt im Alltag umsetzen k\u00f6nnen, um Konflikte zu entsch\u00e4rfen und die Bindung zu Ihrem Kind zu vertiefen. Praktische \u00dcbungen helfen Ihnen, die Methoden gleich anzuwenden.<\/p>\r\n<p>Dieser Vortrag bietet <strong>Wissen, Praxis und emotionale Tiefe<\/strong>, um den Weg zu einer st\u00e4rkeren, klareren Kommunikation zu zeigen.<\/p>\r\n<p>&nbsp;<\/p>\r\n<p><strong>\u00a0<\/strong><strong>3. Loben \u2013 Ja oder Nein? Die Bedeutung von Lob und Ermutigung&#8220;<\/strong><\/p>\r\n<p>\u201eNix gsagt, is g\u2019lobt gnug!\u201c \u2013 Diese Haltung pr\u00e4gt viele Familien, doch f\u00fcr das Selbstbewusstsein von Kindern ist eine Ver\u00e4nderung n\u00f6tig. Gleichzeitig kann h\u00e4ufiges Lob wie \u201eSuper!\u201c oder \u201eKlasse!\u201c langfristig schaden, indem es die \u00e4u\u00dfere Best\u00e4tigung wichtiger macht als die innere Motivation.<\/p>\r\n<p>In diesem Vortrag erfahren Sie die Unterschiede zwischen Lob und Ermutigung und wie Sie durch gezielte R\u00fcckmeldungen das Selbstvertrauen Ihrer Kinder st\u00e4rken k\u00f6nnen, ohne sie abh\u00e4ngig von \u00e4u\u00dferen Belohnungen zu machen.<\/p>\r\n<p>Lernen Sie, wie Ermutigung nachhaltig wirkt und innere Motivation f\u00f6rdert.<\/p>\r\n<p>&nbsp;<\/p>\r\n<p><strong>4. Typisch Junge?\u00a0 Typisch M\u00e4dchen? &#8211; Gendersensible Erziehung im Alltag<\/strong><\/p>\r\n<p>Obwohl viele Eltern ihre Kinder gleich behandeln wollen, pr\u00e4gen unbewusste Erwartungen und gesellschaftliche Normen oft das Verhalten \u2013 von der Spielzeugauswahl bis zu subtilen Botschaften. M\u00e4dchen sollen stark sein, aber nicht zu fordernd. Jungen d\u00fcrfen Gef\u00fchle zeigen, aber keine Schw\u00e4che. Diese Widerspr\u00fcche beeinflussen die Entwicklung von Kindern.<\/p>\r\n<p>In diesem Vortrag erhalten Sie Einblicke in die Gender-Forschung und lernen, wie Sie Ihre Kinder unterst\u00fctzen k\u00f6nnen, ihre Identit\u00e4t frei von Stereotypen zu entfalten.<\/p>\r\n<p>Dieser Vortrag verbindet <strong>Wissen<\/strong>, <strong>emotionale Tiefe<\/strong> und <strong>praktische Anregungen<\/strong>, um einen bewussten Umgang mit Geschlechterrollen zu f\u00f6rdern<\/p>\r\n<p>&nbsp;<\/p>\r\n<p><strong>5. Spielen ist wichtig \u2013 warum eigentlich? Die Bedeutung des kindlichen Spiels<\/strong><\/p>\r\n<p>Spielen wird oft als selbstverst\u00e4ndlich angesehen, doch es ist viel mehr als nur Zeitvertreib. Beim Spielen erlernen Kinder wichtige F\u00e4higkeiten, die sie ein Leben lang begleiten.<\/p>\r\n<p>In diesem Vortrag erfahren Sie, welche Qualifikationen sich im Spiel entwickeln, wie Sie erkennen, ob Ihr Kind \u201erichtig\u201c spielt, und worauf Sie bei der Auswahl von Spielzeug achten sollten. Zudem erhalten Sie praktische Tipps, wie Sie das Spielen unterst\u00fctzen k\u00f6nnen..<\/p>\r\n<p>Dieser Vortrag bietet <strong>Wissen und praxisnahe Anregungen<\/strong> zur F\u00f6rderung des kindlichen Spiels.<\/p>\r\n<p>&nbsp;<\/p>\r\n<p><strong>6. Vier Temperamente, vier Wege \u2013 Ihr Kind (und sich selbst) individuell verstehen und begleiten<\/strong><\/p>\r\n<p><strong>\u00a0<\/strong>Cholerisch, phlegmatisch \u2013 Begriffe, die oft unbedacht verwendet werden. Schnell stecken wir Kinder in Schubladen: \u201eBist du ein Zappelphilipp?\u201c Dabei \u00fcbersehen wir die positiven Seiten ihrer Temperamente.<\/p>\r\n<p>Warum sind einige Menschen ausgeglichen, w\u00e4hrend andere bei Kleinigkeiten w\u00fctend werden? Jedes Temperament hat seine Vor- und Nachteile.<\/p>\r\n<p>In diesem Vortrag erfahren Sie, wie das Wissen um die vier Temperamente Ihr Verst\u00e4ndnis und Ihre Toleranz f\u00fcr sich selbst und andere f\u00f6rdern kann. Sie erhalten praktische Hinweise f\u00fcr den Umgang mit unterschiedlichen Pers\u00f6nlichkeiten.<\/p>\r\n<p><b>\u00a0<\/b>Dieser Vortrag bietet <strong>Einblicke<\/strong> und <strong>Anregungen<\/strong>, um den Umgang mit individuellen Temperamenten zu verbessern.<\/p>\r\n<p>&nbsp;<\/p>\r\n<p><strong>7. Wut \u2013 Starke Kraft oder Aggression?<\/strong><\/p>\r\n<p>Wut ist eine oft missverstandene Emotion, die in verschiedenen Formen auftritt \u2013 hei\u00df, scharf, kalt oder verletzend. Doch wussten Sie, dass es einen entscheidenden Unterschied zwischen w\u00fctend sein und aggressiv handeln gibt?<\/p>\r\n<p>In diesem interaktiven Vortrag lernen Sie, Wut bei sich und Ihren Kindern zu erkennen und konstruktiv auszudr\u00fccken. Erfahren Sie, wie Sie als Eltern ein starkes Vorbild im Umgang mit Emotionen werden und Ihre Kinder dabei unterst\u00fctzen k\u00f6nnen, ihre Gef\u00fchle auf gesunde Weise zu kanalisieren.<\/p>\r\n<p>Dieser Vortrag bietet <strong>wertvolle Einsichten<\/strong> und <strong>praktische Ans\u00e4tze<\/strong>, um Wut als starke Kraft statt als Aggression zu verstehen und zu nutzen.<\/p>\r\n<p>&nbsp;<\/p>\r\n<p><strong>8. Kinder brauchen Grenzen-brauchen Kinder Grenzen?<\/strong><\/p>\r\n<p>Wo sollte man Kindern Grenzen aufzeigen? Wo h\u00f6rt \u201eLass sie doch, es sind eben Kinder!\u201c auf und f\u00e4ngt \u201eDas ist eine Zumutung!\u201c an?<\/p>\r\n<p>Grenzen setzen bedeutet, Werte zu leben und Orientierung zu geben, ohne einzuengen.<\/p>\r\n<p>Warum \u00fcberschreiten Kinder Grenzen, und wie bleiben wir dabei klar und wertsch\u00e4tzend?<\/p>\r\n<p>Das Bewusstsein f\u00fcr die eigenen Grenzen (Wie gut kann ich NEIN sagen zu anderen?) ist ein Schl\u00fcssel zu innerer St\u00e4rke und gelingender Beziehungsgestaltung.<\/p>\r\n<p>Entdecken Sie in diesem lebensnahen Vortrag, wie <strong>Sie Ihre Grenzen erkennen, kommunizieren und respektvoll durchsetzen k\u00f6nnen \u2013 f\u00fcr sich selbst und im Umgang mit Kindern.<\/strong><\/p>\r\n<p>&nbsp;<\/p>\r\n\r\n\r\n\r\n<div class=\"wp-block-spacer\" style=\"height: 50px;\" aria-hidden=\"true\">\u00a0Sollten Sie sich f\u00fcr ein anderes Thema interessieren, k\u00f6nnen Sie gerne Kontakt mit mir aufnehmen. Die Themenbereiche erweitern sich st\u00e4ndig. Die Teilnehmer*innen beziehe ich gerne niederschwellig \u00a0mit ein.<\/div>\r\n<div aria-hidden=\"true\">\u00a0<\/div>\r\n<div aria-hidden=\"true\">\u00a0<\/div>\r\n\r\n\r\n\r\n\r\n\r\n<p style=\"font-size: 16px;\">Ursula Schensky | St. Magdalena-Ring 18 | 88213 Ravensburg<\/p>\r\n","protected":false},"excerpt":{"rendered":"<p>&nbsp; Mein Angebot der p\u00e4dagogischen Begleitung zeigt sich auch in der \u00a0Leitung von \u00a0Gespr\u00e4chsrunden, in Vortr\u00e4gen, Seminaren und Workshops im gesamten deutschsprachigen Raum. Hierbei steht das Kind im Mittelpunkt in seiner seelischen und geistigen Entwicklung. Meine p\u00e4dagogischen Themen Respekt und Achtsamkeit im Alltag leben Gelingende Kommunikation in der Familie Loben &#8211; Ja oder nein?\u00a0\u00a0\u00a0 Bedeutung &#8230; <a title=\"P\u00e4dagogische Vortr\u00e4ge\" class=\"read-more\" href=\"https:\/\/www.ursula-schensky.de\/cms\/71-2\/\" aria-label=\"Mehr Informationen \u00fcber P\u00e4dagogische Vortr\u00e4ge\">Weiterlesen<\/a><\/p>\n","protected":false},"author":2,"featured_media":0,"parent":0,"menu_order":0,"comment_status":"closed","ping_status":"closed","template":"","meta":{"sfsi_plus_gutenberg_text_before_share":"","sfsi_plus_gutenberg_show_text_before_share":"","sfsi_plus_gutenberg_icon_type":"","sfsi_plus_gutenberg_icon_alignemt":"","sfsi_plus_gutenburg_max_per_row":"","footnotes":""},"class_list":["post-71","page","type-page","status-publish"],"yoast_head":"<!-- This site is optimized with the Yoast SEO plugin v26.9 - https:\/\/yoast.com\/product\/yoast-seo-wordpress\/ -->\n<title>P\u00e4dagogische Vortr\u00e4ge - Praxis f\u00fcr Lebensfragen und ElternCoaching<\/title>\n<meta name=\"description\" content=\"Sich Hilfe zu holen ist ein Zeichen von Kompetenz, St\u00e4rke und zeigt Mut. Es ist kein Eingest\u00e4ndnis von Schw\u00e4che. \u00dcberforderung, Krisen, Unsicherheit oder Angst\/Panik sind meist Anlass, sich nach Unterst\u00fctzung umzusehen. Erwarten Sie nicht von sich, alles alleine stemmen zu m\u00fcssen.\" \/>\n<meta name=\"robots\" content=\"index, follow, max-snippet:-1, max-image-preview:large, max-video-preview:-1\" \/>\n<link rel=\"canonical\" href=\"https:\/\/www.ursula-schensky.de\/cms\/71-2\/\" \/>\n<meta property=\"og:locale\" content=\"de_DE\" \/>\n<meta property=\"og:type\" content=\"article\" \/>\n<meta property=\"og:title\" content=\"P\u00e4dagogische Vortr\u00e4ge - Praxis f\u00fcr Lebensfragen und ElternCoaching\" \/>\n<meta property=\"og:description\" content=\"Sich Hilfe zu holen ist ein Zeichen von Kompetenz, St\u00e4rke und zeigt Mut. Es ist kein Eingest\u00e4ndnis von Schw\u00e4che. \u00dcberforderung, Krisen, Unsicherheit oder Angst\/Panik sind meist Anlass, sich nach Unterst\u00fctzung umzusehen. Erwarten Sie nicht von sich, alles alleine stemmen zu m\u00fcssen.\" \/>\n<meta property=\"og:url\" content=\"https:\/\/www.ursula-schensky.de\/cms\/71-2\/\" \/>\n<meta property=\"og:site_name\" content=\"Praxis f\u00fcr Lebensfragen und ElternCoaching\" \/>\n<meta property=\"article:publisher\" content=\"https:\/\/www.facebook.com\/UrsulaSchensky\" \/>\n<meta property=\"article:modified_time\" content=\"2025-01-15T09:31:20+00:00\" \/>\n<meta property=\"og:image\" content=\"https:\/\/www.ursula-schensky.de\/cms\/wp-content\/uploads\/2022\/03\/Header-ErziehungsbegleitungV2_1024x261.jpg\" \/>\n\t<meta property=\"og:image:width\" content=\"1024\" \/>\n\t<meta property=\"og:image:height\" content=\"261\" \/>\n\t<meta property=\"og:image:type\" content=\"image\/jpeg\" \/>\n<meta name=\"twitter:card\" content=\"summary_large_image\" \/>\n<meta name=\"twitter:label1\" content=\"Gesch\u00e4tzte Lesezeit\" \/>\n\t<meta name=\"twitter:data1\" content=\"5\u00a0Minuten\" \/>\n<script type=\"application\/ld+json\" class=\"yoast-schema-graph\">{\"@context\":\"https:\/\/schema.org\",\"@graph\":[{\"@type\":\"WebPage\",\"@id\":\"https:\/\/www.ursula-schensky.de\/cms\/71-2\/\",\"url\":\"https:\/\/www.ursula-schensky.de\/cms\/71-2\/\",\"name\":\"P\u00e4dagogische Vortr\u00e4ge - Praxis f\u00fcr Lebensfragen und ElternCoaching\",\"isPartOf\":{\"@id\":\"https:\/\/www.ursula-schensky.de\/cms\/#website\"},\"primaryImageOfPage\":{\"@id\":\"https:\/\/www.ursula-schensky.de\/cms\/71-2\/#primaryimage\"},\"image\":{\"@id\":\"https:\/\/www.ursula-schensky.de\/cms\/71-2\/#primaryimage\"},\"thumbnailUrl\":\"http:\/\/www.ursula-schensky.de\/wp-content\/uploads\/2022\/03\/Header-ErziehungsbegleitungV2_1024x261.jpg\",\"datePublished\":\"2022-05-06T18:31:17+00:00\",\"dateModified\":\"2025-01-15T09:31:20+00:00\",\"description\":\"Sich Hilfe zu holen ist ein Zeichen von Kompetenz, St\u00e4rke und zeigt Mut. Es ist kein Eingest\u00e4ndnis von Schw\u00e4che. \u00dcberforderung, Krisen, Unsicherheit oder Angst\/Panik sind meist Anlass, sich nach Unterst\u00fctzung umzusehen. Erwarten Sie nicht von sich, alles alleine stemmen zu m\u00fcssen.\",\"breadcrumb\":{\"@id\":\"https:\/\/www.ursula-schensky.de\/cms\/71-2\/#breadcrumb\"},\"inLanguage\":\"de\",\"potentialAction\":[{\"@type\":\"ReadAction\",\"target\":[\"https:\/\/www.ursula-schensky.de\/cms\/71-2\/\"]}]},{\"@type\":\"ImageObject\",\"inLanguage\":\"de\",\"@id\":\"https:\/\/www.ursula-schensky.de\/cms\/71-2\/#primaryimage\",\"url\":\"http:\/\/www.ursula-schensky.de\/wp-content\/uploads\/2022\/03\/Header-ErziehungsbegleitungV2_1024x261.jpg\",\"contentUrl\":\"http:\/\/www.ursula-schensky.de\/wp-content\/uploads\/2022\/03\/Header-ErziehungsbegleitungV2_1024x261.jpg\"},{\"@type\":\"BreadcrumbList\",\"@id\":\"https:\/\/www.ursula-schensky.de\/cms\/71-2\/#breadcrumb\",\"itemListElement\":[{\"@type\":\"ListItem\",\"position\":1,\"name\":\"Startseite\",\"item\":\"https:\/\/www.ursula-schensky.de\/cms\/\"},{\"@type\":\"ListItem\",\"position\":2,\"name\":\"P\u00e4dagogische Vortr\u00e4ge\"}]},{\"@type\":\"WebSite\",\"@id\":\"https:\/\/www.ursula-schensky.de\/cms\/#website\",\"url\":\"https:\/\/www.ursula-schensky.de\/cms\/\",\"name\":\"Praxis f\u00fcr Lebensfragen und ElternCoaching\",\"description\":\"Hilfe bei \u00dcberforderung, Angst, Erziehungsschwierigkeiten und pers\u00f6nlichen Herausforderungen\",\"publisher\":{\"@id\":\"https:\/\/www.ursula-schensky.de\/cms\/#\/schema\/person\/ea3976e4b4a12e94577017a0bde351f8\"},\"potentialAction\":[{\"@type\":\"SearchAction\",\"target\":{\"@type\":\"EntryPoint\",\"urlTemplate\":\"https:\/\/www.ursula-schensky.de\/cms\/?s={search_term_string}\"},\"query-input\":{\"@type\":\"PropertyValueSpecification\",\"valueRequired\":true,\"valueName\":\"search_term_string\"}}],\"inLanguage\":\"de\"},{\"@type\":[\"Person\",\"Organization\"],\"@id\":\"https:\/\/www.ursula-schensky.de\/cms\/#\/schema\/person\/ea3976e4b4a12e94577017a0bde351f8\",\"name\":\"Ursula Schensky\",\"image\":{\"@type\":\"ImageObject\",\"inLanguage\":\"de\",\"@id\":\"https:\/\/www.ursula-schensky.de\/cms\/#\/schema\/person\/image\/\",\"url\":\"https:\/\/www.ursula-schensky.de\/cms\/wp-content\/uploads\/2022\/05\/Header-Uebermich1024x261_2.jpg\",\"contentUrl\":\"https:\/\/www.ursula-schensky.de\/cms\/wp-content\/uploads\/2022\/05\/Header-Uebermich1024x261_2.jpg\",\"width\":1024,\"height\":261,\"caption\":\"Ursula Schensky\"},\"logo\":{\"@id\":\"https:\/\/www.ursula-schensky.de\/cms\/#\/schema\/person\/image\/\"},\"sameAs\":[\"https:\/\/www.facebook.com\/UrsulaSchensky\",\"https:\/\/instagram.com\/eltern__coaching\"]}]}<\/script>\n<!-- \/ Yoast SEO plugin. -->","yoast_head_json":{"title":"P\u00e4dagogische Vortr\u00e4ge - Praxis f\u00fcr Lebensfragen und ElternCoaching","description":"Sich Hilfe zu holen ist ein Zeichen von Kompetenz, St\u00e4rke und zeigt Mut. Es ist kein Eingest\u00e4ndnis von Schw\u00e4che. \u00dcberforderung, Krisen, Unsicherheit oder Angst\/Panik sind meist Anlass, sich nach Unterst\u00fctzung umzusehen. Erwarten Sie nicht von sich, alles alleine stemmen zu m\u00fcssen.","robots":{"index":"index","follow":"follow","max-snippet":"max-snippet:-1","max-image-preview":"max-image-preview:large","max-video-preview":"max-video-preview:-1"},"canonical":"https:\/\/www.ursula-schensky.de\/cms\/71-2\/","og_locale":"de_DE","og_type":"article","og_title":"P\u00e4dagogische Vortr\u00e4ge - Praxis f\u00fcr Lebensfragen und ElternCoaching","og_description":"Sich Hilfe zu holen ist ein Zeichen von Kompetenz, St\u00e4rke und zeigt Mut. Es ist kein Eingest\u00e4ndnis von Schw\u00e4che. \u00dcberforderung, Krisen, Unsicherheit oder Angst\/Panik sind meist Anlass, sich nach Unterst\u00fctzung umzusehen. Erwarten Sie nicht von sich, alles alleine stemmen zu m\u00fcssen.","og_url":"https:\/\/www.ursula-schensky.de\/cms\/71-2\/","og_site_name":"Praxis f\u00fcr Lebensfragen und ElternCoaching","article_publisher":"https:\/\/www.facebook.com\/UrsulaSchensky","article_modified_time":"2025-01-15T09:31:20+00:00","og_image":[{"width":1024,"height":261,"url":"https:\/\/www.ursula-schensky.de\/cms\/wp-content\/uploads\/2022\/03\/Header-ErziehungsbegleitungV2_1024x261.jpg","type":"image\/jpeg"}],"twitter_card":"summary_large_image","twitter_misc":{"Gesch\u00e4tzte Lesezeit":"5\u00a0Minuten"},"schema":{"@context":"https:\/\/schema.org","@graph":[{"@type":"WebPage","@id":"https:\/\/www.ursula-schensky.de\/cms\/71-2\/","url":"https:\/\/www.ursula-schensky.de\/cms\/71-2\/","name":"P\u00e4dagogische Vortr\u00e4ge - Praxis f\u00fcr Lebensfragen und ElternCoaching","isPartOf":{"@id":"https:\/\/www.ursula-schensky.de\/cms\/#website"},"primaryImageOfPage":{"@id":"https:\/\/www.ursula-schensky.de\/cms\/71-2\/#primaryimage"},"image":{"@id":"https:\/\/www.ursula-schensky.de\/cms\/71-2\/#primaryimage"},"thumbnailUrl":"http:\/\/www.ursula-schensky.de\/wp-content\/uploads\/2022\/03\/Header-ErziehungsbegleitungV2_1024x261.jpg","datePublished":"2022-05-06T18:31:17+00:00","dateModified":"2025-01-15T09:31:20+00:00","description":"Sich Hilfe zu holen ist ein Zeichen von Kompetenz, St\u00e4rke und zeigt Mut. Es ist kein Eingest\u00e4ndnis von Schw\u00e4che. \u00dcberforderung, Krisen, Unsicherheit oder Angst\/Panik sind meist Anlass, sich nach Unterst\u00fctzung umzusehen. Erwarten Sie nicht von sich, alles alleine stemmen zu m\u00fcssen.","breadcrumb":{"@id":"https:\/\/www.ursula-schensky.de\/cms\/71-2\/#breadcrumb"},"inLanguage":"de","potentialAction":[{"@type":"ReadAction","target":["https:\/\/www.ursula-schensky.de\/cms\/71-2\/"]}]},{"@type":"ImageObject","inLanguage":"de","@id":"https:\/\/www.ursula-schensky.de\/cms\/71-2\/#primaryimage","url":"http:\/\/www.ursula-schensky.de\/wp-content\/uploads\/2022\/03\/Header-ErziehungsbegleitungV2_1024x261.jpg","contentUrl":"http:\/\/www.ursula-schensky.de\/wp-content\/uploads\/2022\/03\/Header-ErziehungsbegleitungV2_1024x261.jpg"},{"@type":"BreadcrumbList","@id":"https:\/\/www.ursula-schensky.de\/cms\/71-2\/#breadcrumb","itemListElement":[{"@type":"ListItem","position":1,"name":"Startseite","item":"https:\/\/www.ursula-schensky.de\/cms\/"},{"@type":"ListItem","position":2,"name":"P\u00e4dagogische Vortr\u00e4ge"}]},{"@type":"WebSite","@id":"https:\/\/www.ursula-schensky.de\/cms\/#website","url":"https:\/\/www.ursula-schensky.de\/cms\/","name":"Praxis f\u00fcr Lebensfragen und ElternCoaching","description":"Hilfe bei \u00dcberforderung, Angst, Erziehungsschwierigkeiten und pers\u00f6nlichen Herausforderungen","publisher":{"@id":"https:\/\/www.ursula-schensky.de\/cms\/#\/schema\/person\/ea3976e4b4a12e94577017a0bde351f8"},"potentialAction":[{"@type":"SearchAction","target":{"@type":"EntryPoint","urlTemplate":"https:\/\/www.ursula-schensky.de\/cms\/?s={search_term_string}"},"query-input":{"@type":"PropertyValueSpecification","valueRequired":true,"valueName":"search_term_string"}}],"inLanguage":"de"},{"@type":["Person","Organization"],"@id":"https:\/\/www.ursula-schensky.de\/cms\/#\/schema\/person\/ea3976e4b4a12e94577017a0bde351f8","name":"Ursula Schensky","image":{"@type":"ImageObject","inLanguage":"de","@id":"https:\/\/www.ursula-schensky.de\/cms\/#\/schema\/person\/image\/","url":"https:\/\/www.ursula-schensky.de\/cms\/wp-content\/uploads\/2022\/05\/Header-Uebermich1024x261_2.jpg","contentUrl":"https:\/\/www.ursula-schensky.de\/cms\/wp-content\/uploads\/2022\/05\/Header-Uebermich1024x261_2.jpg","width":1024,"height":261,"caption":"Ursula Schensky"},"logo":{"@id":"https:\/\/www.ursula-schensky.de\/cms\/#\/schema\/person\/image\/"},"sameAs":["https:\/\/www.facebook.com\/UrsulaSchensky","https:\/\/instagram.com\/eltern__coaching"]}]}},"_links":{"self":[{"href":"https:\/\/www.ursula-schensky.de\/cms\/wp-json\/wp\/v2\/pages\/71","targetHints":{"allow":["GET"]}}],"collection":[{"href":"https:\/\/www.ursula-schensky.de\/cms\/wp-json\/wp\/v2\/pages"}],"about":[{"href":"https:\/\/www.ursula-schensky.de\/cms\/wp-json\/wp\/v2\/types\/page"}],"author":[{"embeddable":true,"href":"https:\/\/www.ursula-schensky.de\/cms\/wp-json\/wp\/v2\/users\/2"}],"replies":[{"embeddable":true,"href":"https:\/\/www.ursula-schensky.de\/cms\/wp-json\/wp\/v2\/comments?post=71"}],"version-history":[{"count":10,"href":"https:\/\/www.ursula-schensky.de\/cms\/wp-json\/wp\/v2\/pages\/71\/revisions"}],"predecessor-version":[{"id":355,"href":"https:\/\/www.ursula-schensky.de\/cms\/wp-json\/wp\/v2\/pages\/71\/revisions\/355"}],"wp:attachment":[{"href":"https:\/\/www.ursula-schensky.de\/cms\/wp-json\/wp\/v2\/media?parent=71"}],"curies":[{"name":"wp","href":"https:\/\/api.w.org\/{rel}","templated":true}]}}